{"id":4999,"date":"2018-12-26T09:23:25","date_gmt":"2018-12-26T09:23:25","guid":{"rendered":"http:\/\/vivales.questiondeimagen.com\/premios\/"},"modified":"2025-11-18T17:40:56","modified_gmt":"2025-11-18T16:40:56","slug":"premios","status":"publish","type":"page","link":"https:\/\/www.pagolosvivales.com\/pt-pt\/premios\/","title":{"rendered":"Pr\u00e9mios"},"content":{"rendered":"<p><img decoding=\"async\" src=\"https:\/\/www.pagolosvivales.com\/wp-content\/uploads\/2025\/11\/Premios_2025_MITAD_4_EN-2.png\" alt=\"Pr\u00e9mios dos queijos Pago &quot;Los Vivales&quot;\" title=\"Pr\u00e9mios dos queijos Pago &quot;Los Vivales&quot;\" width=\"800\" class=\"aligncenter size-full wp-image-6296\" \/><\/p>\n<p><img decoding=\"async\" src=\"https:\/\/www.pagolosvivales.com\/wp-content\/uploads\/2025\/11\/Premios_2025_MITAD_3NUEVO_en-1.png\" alt=\"Pr\u00e9mios dos queijos Pago &quot;Los Vivales&quot;\" title=\"Pr\u00e9mios dos queijos Pago &quot;Los Vivales&quot;\" width=\"800\" class=\"aligncenter size-full wp-image-6296\" \/><\/p>\n<p><img decoding=\"async\" src=\"https:\/\/www.pagolosvivales.com\/wp-content\/uploads\/2025\/09\/Premios_2025_MITAD_2_EN.png\" alt=\"Pr\u00e9mios dos queijos Pago &quot;Los Vivales&quot;\" title=\"Pr\u00e9mios dos queijos Pago &quot;Los Vivales&quot;\" width=\"800\" class=\"aligncenter size-full wp-image-6296\" \/><\/p>\n<p><img loading=\"lazy\" decoding=\"async\" src=\"https:\/\/www.pagolosvivales.com\/wp-content\/uploads\/2019\/02\/Premios_2017_INGLES_MITAD_1.png\" alt=\"Pr\u00e9mios dos queijos Pago &quot;Los Vivales&quot;\" title=\"Pr\u00e9mios dos queijos Pago &quot;Los Vivales&quot;\" width=\"800\" width=\"800\" height=\"1090\" class=\"aligncenter size-full wp-image-6290\" srcset=\"https:\/\/www.pagolosvivales.com\/wp-content\/uploads\/2019\/02\/Premios_2017_INGLES_MITAD_1.png 800w, https:\/\/www.pagolosvivales.com\/wp-content\/uploads\/2019\/02\/Premios_2017_INGLES_MITAD_1-220x300.png 220w, https:\/\/www.pagolosvivales.com\/wp-content\/uploads\/2019\/02\/Premios_2017_INGLES_MITAD_1-768x1046.png 768w, https:\/\/www.pagolosvivales.com\/wp-content\/uploads\/2019\/02\/Premios_2017_INGLES_MITAD_1-752x1024.png 752w, https:\/\/www.pagolosvivales.com\/wp-content\/uploads\/2019\/02\/Premios_2017_INGLES_MITAD_1-600x818.png 600w\" sizes=\"auto, (max-width: 800px) 100vw, 800px\" \/><\/p>\n<p>Em <strong class=\"dorado\">2008<\/strong> o Pago &#8220;Los Vivales&#8221; foi galardoado com o t\u00edtulo <strong>Cincho de Plata Queso Curado Leche Cruda de Oveja.<\/strong><img loading=\"lazy\" decoding=\"async\" class=\"size-medium wp-image-4435 alignright\" src=\"https:\/\/www.pagolosvivales.com\/wp-content\/uploads\/2018\/10\/oveja_premios_pq-248x300.png\" alt=\"Nuestras Ovejas se merecen un monumento\" width=\"248\" height=\"300\" srcset=\"https:\/\/www.pagolosvivales.com\/wp-content\/uploads\/2018\/10\/oveja_premios_pq-248x300.png 248w, https:\/\/www.pagolosvivales.com\/wp-content\/uploads\/2018\/10\/oveja_premios_pq.png 430w\" sizes=\"auto, (max-width: 248px) 100vw, 248px\" \/><\/p>\n<p>Em <strong class=\"dorado\">2010 <\/strong>o Pago &#8220;Los Vivales&#8221; foi distinguido como <strong>Botiguero de Oro<\/strong>, na categoria Quesos Madurez.<\/p>\n<p>No in\u00edcio de <strong class=\"dorado\">2011 <\/strong>os queijos <strong>Pago &#8220;Los Vivales&#8221;<\/strong> voltam a estar de parab\u00e9ns na sua participa\u00e7\u00e3o no <strong>&#8220;World Cheese Awards&#8221;<\/strong>, onde competiram com mais de 2.600 queijos provenientes de 19 pa\u00edses, obtendo resultados extraordin\u00e1rios.<br \/>\nO galard\u00e3o de prata dos &#8220;World Cheese Awards&#8221; foi para o queijo de ovelha de leite cru curado <strong>Etiqueta Negra <\/strong>Pago &#8220;Los Vivales&#8221;. Foram tamb\u00e9m galardoados na categoria de bronze o queijo de ovelha de leite cru semi curado <strong>Etiqueta Verde<\/strong> e o queijo de ovelha de leite cru terno Etiqueta Azul, ambos da Pago &#8220;Los Vivales&#8221;.<\/p>\n<p>No in\u00edcio de <strong class=\"\">2012 <\/strong>o <strong>galard\u00e3o de prata<\/strong> dos &#8220;World Cheese Awards&#8221; foi para o queijo de ovelha de leite cru semi curado <strong>Etiqueta Verde<\/strong> Pago &#8220;Los Vivales&#8221;. Foram tamb\u00e9m galardoados na categoria de bronze o queijo de ovelha de leite cru curado Etiqueta Negra e o queijo de ovelha de leite cru reserva <strong>Etiqueta Bordeaux<\/strong>, ambos da Pago &#8220;Los Vivales&#8221;.<\/p>\n<p>Em <strong class=\"dorado\">2015<\/strong> o queijo de ovelha de leite cru curado <strong>Etiqueta Negra<\/strong> Pago &#8220;Los Vivales&#8221; obteve o <strong>3\u00ba Pr\u00e9mio no VI Certame dos Melhores Queijos de Espanha GOURMETQUESOS 2015<\/strong>, no XXIX Sal\u00e3o de Gourmets celebrado em Madrid (Espanha).<br \/>\nNo fim do ano <strong class=\"dorado\">2015 <\/strong>o queijo de ovelha de leite cru curado <strong>Etiqueta Negra<\/strong> Pago &#8220;Los Vivales&#8221; foi tamb\u00e9m galardoado com a medalha super ouro nos <strong>&#8220;World Cheese Awards&#8221;<\/strong> na categoria de melhor queijo curado puro de leite de ovelha, sendo assim um dos 62 melhores queijos do mundo. Al\u00e9m disso, o queijo de ovelha de leite cru semi curado Etiqueta Verde Pago &#8220;Los Vivales&#8221; obteve a medalha de prata no mesmo certame dos &#8220;World Cheese Awards&#8221; na categoria de melhor queijo semi curado puro de leite de ovelha.<\/p>\n<p>No ano <strong class=\"dorado\">2016 <\/strong>o queijo de ovelha de leite cru terno <strong>Etiqueta Azul<\/strong> Pago &#8220;Los Vivales&#8221; conseguiu o <strong>Cincho de Ouro<\/strong> e o queijo de ovelha de leite cru reserva <strong>Etiqueta Borgonha<\/strong> Pago &#8220;Los Vivales&#8221; recebeu o <strong>Cincho de Prata no Concurso Internacional de Queijo Cheese Awards 2016.<\/strong><br \/>\nNo fim do ano <strong class=\"dorado\">2016 <\/strong>o queijo de ovelha de leite cru reserva <strong>Etiqueta Borgonha<\/strong> Pago &#8220;Los Vivales&#8221; foi tamb\u00e9m galardoado com a medalha de ouro nos &#8220;World Cheese Awards&#8221; e o queijo de ovelha de leite cru curado Etiqueta Negra assim como o queijo de ovelha de leite cru reserva Etiqueta Cinzento ambos da Pago &#8220;Los Vivales&#8221; obtiveram a medalha de pratano mesmo certame.<\/p>\n<p>J\u00e1 no ano <strong class=\"dorado\">2017 <\/strong>o queijo de ovelha de leite cru curado <strong>Etiqueta Negra<\/strong> Pago &#8220;Los Vivales&#8221; conseguiu pr\u00e9mios em todas as categorias as que se apresentou nos <strong>Global Cheese Awards<\/strong>. Concretamente, obteve duas medalhas de ouro nas categorias &#8220;Queijo de ovelha de massa dura&#8221; e <strong>&#8220;Melhor queijo continental de massa dura&#8221;<\/strong> e <strong>duas medalhas de prata<\/strong> nas categorias de &#8220;Queijos aretes\u00e3os 100% de leite de ovelha&#8221; e &#8220;Melhor queijo espanhol&#8221;. Ainda por cima, o nosso queijo curado etiqueta negra foi selecionado como como<strong> Melhor queijo continental<\/strong>.<br \/>\nNo fim do ano <strong class=\"dorado\">2017 <\/strong>o queijo de ovelha de leite cru curado <strong>Etiqueta Negra <\/strong>Pago &#8220;Los Vivales&#8221; e o queijo de ovelha de leite cru reserva Etiqueta Cinzento Pago &#8220;Los Vivales&#8221; obtiveram a medalha de ouro nos &#8220;World Cheese Awards&#8221;. Al\u00e9m disso, o queijo de ovelha de leite cru reserva <strong>Etiqueta Borgonha<\/strong> Pago &#8220;Los Vivales&#8221; foi tamb\u00e9m galardoado com a medalha de prata e o queijo de ovelha de leite cru semi curado Etiqueta Verde conseguiu a <strong>medalha de bronze<\/strong> nos &#8220;World Cheese Awards&#8221; no mesmo certame.<\/p>\n","protected":false},"excerpt":{"rendered":"<p>Em 2008 o Pago &#8220;Los Vivales&#8221; foi galardoado com o t\u00edtulo Cincho de Plata Queso Curado Leche Cruda de Oveja. Em 2010 o Pago &#8220;Los Vivales&#8221; foi distinguido como Botiguero de Oro, na categoria Quesos Madurez. No in\u00edcio de 2011 os queijos Pago &#8220;Los Vivales&#8221; voltam a estar de parab\u00e9ns na sua participa\u00e7\u00e3o no &#8220;World&#8230; <\/p>\n<div class=\"clear\"><\/div>\n<p><a href=\"https:\/\/www.pagolosvivales.com\/pt-pt\/premios\/\" class=\"excerpt-read-more\">Read More<\/a><\/p>\n","protected":false},"author":1,"featured_media":0,"parent":0,"menu_order":0,"comment_status":"closed","ping_status":"closed","template":"","meta":{"_acf_changed":false,"footnotes":""},"class_list":["post-4999","page","type-page","status-publish","hentry"],"acf":[],"yoast_head":"<!-- This site is optimized with the Yoast SEO plugin v27.4 - https:\/\/yoast.com\/product\/yoast-seo-wordpress\/ -->\n<title>Pr\u00e9mios - Queso de Oveja Pago &quot;Los Vivales&quot; - Leche Cruda<\/title>\n<meta name=\"description\" content=\"Secci\u00f3n donde se informa de todos los premios conseguidos por Pagos los vivales a lo largo de los a\u00f1os, desde 2008 hasta la actualidad.\" \/>\n<meta name=\"robots\" content=\"index, follow, max-snippet:-1, max-image-preview:large, max-video-preview:-1\" \/>\n<link rel=\"canonical\" href=\"https:\/\/www.pagolosvivales.com\/pt-pt\/premios\/\" \/>\n<meta property=\"og:locale\" content=\"pt_PT\" \/>\n<meta property=\"og:type\" content=\"article\" \/>\n<meta property=\"og:title\" content=\"Pr\u00e9mios - Queso de Oveja Pago &quot;Los Vivales&quot; - Leche Cruda\" \/>\n<meta property=\"og:description\" content=\"Secci\u00f3n donde se informa de todos los premios conseguidos por Pagos los vivales a lo largo de los a\u00f1os, desde 2008 hasta la actualidad.\" \/>\n<meta property=\"og:url\" content=\"https:\/\/www.pagolosvivales.com\/pt-pt\/premios\/\" \/>\n<meta property=\"og:site_name\" content=\"Queso de Oveja Pago &quot;Los Vivales&quot;\" \/>\n<meta property=\"article:modified_time\" content=\"2025-11-18T16:40:56+00:00\" \/>\n<meta property=\"og:image\" content=\"https:\/\/www.pagolosvivales.com\/wp-content\/uploads\/2019\/02\/Premios_2018_INGLES_MITAD_2.png\" \/>\n\t<meta property=\"og:image:width\" content=\"800\" \/>\n\t<meta property=\"og:image:height\" content=\"1173\" \/>\n\t<meta property=\"og:image:type\" content=\"image\/png\" \/>\n<meta name=\"twitter:card\" content=\"summary_large_image\" \/>\n<meta name=\"twitter:label1\" content=\"Tempo estimado de leitura\" \/>\n\t<meta name=\"twitter:data1\" content=\"4 minutos\" \/>\n<script type=\"application\/ld+json\" class=\"yoast-schema-graph\">{\"@context\":\"https:\\\/\\\/schema.org\",\"@graph\":[{\"@type\":\"WebPage\",\"@id\":\"https:\\\/\\\/www.pagolosvivales.com\\\/pt-pt\\\/premios\\\/\",\"url\":\"https:\\\/\\\/www.pagolosvivales.com\\\/pt-pt\\\/premios\\\/\",\"name\":\"Pr\u00e9mios - Queso de Oveja Pago &quot;Los Vivales&quot; - Leche Cruda\",\"isPartOf\":{\"@id\":\"https:\\\/\\\/www.pagolosvivales.com\\\/pt-pt\\\/#website\"},\"primaryImageOfPage\":{\"@id\":\"https:\\\/\\\/www.pagolosvivales.com\\\/pt-pt\\\/premios\\\/#primaryimage\"},\"image\":{\"@id\":\"https:\\\/\\\/www.pagolosvivales.com\\\/pt-pt\\\/premios\\\/#primaryimage\"},\"thumbnailUrl\":\"https:\\\/\\\/www.pagolosvivales.com\\\/wp-content\\\/uploads\\\/2025\\\/11\\\/Premios_2025_MITAD_4_EN-2.png\",\"datePublished\":\"2018-12-26T09:23:25+00:00\",\"dateModified\":\"2025-11-18T16:40:56+00:00\",\"description\":\"Secci\u00f3n donde se informa de todos los premios conseguidos por Pagos los vivales a lo largo de los a\u00f1os, desde 2008 hasta la actualidad.\",\"breadcrumb\":{\"@id\":\"https:\\\/\\\/www.pagolosvivales.com\\\/pt-pt\\\/premios\\\/#breadcrumb\"},\"inLanguage\":\"pt-PT\",\"potentialAction\":[{\"@type\":\"ReadAction\",\"target\":[\"https:\\\/\\\/www.pagolosvivales.com\\\/pt-pt\\\/premios\\\/\"]}]},{\"@type\":\"ImageObject\",\"inLanguage\":\"pt-PT\",\"@id\":\"https:\\\/\\\/www.pagolosvivales.com\\\/pt-pt\\\/premios\\\/#primaryimage\",\"url\":\"https:\\\/\\\/www.pagolosvivales.com\\\/wp-content\\\/uploads\\\/2025\\\/11\\\/Premios_2025_MITAD_4_EN-2.png\",\"contentUrl\":\"https:\\\/\\\/www.pagolosvivales.com\\\/wp-content\\\/uploads\\\/2025\\\/11\\\/Premios_2025_MITAD_4_EN-2.png\"},{\"@type\":\"BreadcrumbList\",\"@id\":\"https:\\\/\\\/www.pagolosvivales.com\\\/pt-pt\\\/premios\\\/#breadcrumb\",\"itemListElement\":[{\"@type\":\"ListItem\",\"position\":1,\"name\":\"Portada\",\"item\":\"https:\\\/\\\/www.pagolosvivales.com\\\/pt-pt\\\/\"},{\"@type\":\"ListItem\",\"position\":2,\"name\":\"Pr\u00e9mios\"}]},{\"@type\":\"WebSite\",\"@id\":\"https:\\\/\\\/www.pagolosvivales.com\\\/pt-pt\\\/#website\",\"url\":\"https:\\\/\\\/www.pagolosvivales.com\\\/pt-pt\\\/\",\"name\":\"Queso de Oveja Pago &quot;Los Vivales&quot;\",\"description\":\"Baltasar Moralejo e Hijos\",\"potentialAction\":[{\"@type\":\"SearchAction\",\"target\":{\"@type\":\"EntryPoint\",\"urlTemplate\":\"https:\\\/\\\/www.pagolosvivales.com\\\/pt-pt\\\/?s={search_term_string}\"},\"query-input\":{\"@type\":\"PropertyValueSpecification\",\"valueRequired\":true,\"valueName\":\"search_term_string\"}}],\"inLanguage\":\"pt-PT\"}]}<\/script>\n<!-- \/ Yoast SEO plugin. -->","yoast_head_json":{"title":"Pr\u00e9mios - Queso de Oveja Pago &quot;Los Vivales&quot; - Leche Cruda","description":"Secci\u00f3n donde se informa de todos los premios conseguidos por Pagos los vivales a lo largo de los a\u00f1os, desde 2008 hasta la actualidad.","robots":{"index":"index","follow":"follow","max-snippet":"max-snippet:-1","max-image-preview":"max-image-preview:large","max-video-preview":"max-video-preview:-1"},"canonical":"https:\/\/www.pagolosvivales.com\/pt-pt\/premios\/","og_locale":"pt_PT","og_type":"article","og_title":"Pr\u00e9mios - Queso de Oveja Pago &quot;Los Vivales&quot; - Leche Cruda","og_description":"Secci\u00f3n donde se informa de todos los premios conseguidos por Pagos los vivales a lo largo de los a\u00f1os, desde 2008 hasta la actualidad.","og_url":"https:\/\/www.pagolosvivales.com\/pt-pt\/premios\/","og_site_name":"Queso de Oveja Pago &quot;Los Vivales&quot;","article_modified_time":"2025-11-18T16:40:56+00:00","og_image":[{"width":800,"height":1173,"url":"https:\/\/www.pagolosvivales.com\/wp-content\/uploads\/2019\/02\/Premios_2018_INGLES_MITAD_2.png","type":"image\/png"}],"twitter_card":"summary_large_image","twitter_misc":{"Tempo estimado de leitura":"4 minutos"},"schema":{"@context":"https:\/\/schema.org","@graph":[{"@type":"WebPage","@id":"https:\/\/www.pagolosvivales.com\/pt-pt\/premios\/","url":"https:\/\/www.pagolosvivales.com\/pt-pt\/premios\/","name":"Pr\u00e9mios - Queso de Oveja Pago &quot;Los Vivales&quot; - Leche Cruda","isPartOf":{"@id":"https:\/\/www.pagolosvivales.com\/pt-pt\/#website"},"primaryImageOfPage":{"@id":"https:\/\/www.pagolosvivales.com\/pt-pt\/premios\/#primaryimage"},"image":{"@id":"https:\/\/www.pagolosvivales.com\/pt-pt\/premios\/#primaryimage"},"thumbnailUrl":"https:\/\/www.pagolosvivales.com\/wp-content\/uploads\/2025\/11\/Premios_2025_MITAD_4_EN-2.png","datePublished":"2018-12-26T09:23:25+00:00","dateModified":"2025-11-18T16:40:56+00:00","description":"Secci\u00f3n donde se informa de todos los premios conseguidos por Pagos los vivales a lo largo de los a\u00f1os, desde 2008 hasta la actualidad.","breadcrumb":{"@id":"https:\/\/www.pagolosvivales.com\/pt-pt\/premios\/#breadcrumb"},"inLanguage":"pt-PT","potentialAction":[{"@type":"ReadAction","target":["https:\/\/www.pagolosvivales.com\/pt-pt\/premios\/"]}]},{"@type":"ImageObject","inLanguage":"pt-PT","@id":"https:\/\/www.pagolosvivales.com\/pt-pt\/premios\/#primaryimage","url":"https:\/\/www.pagolosvivales.com\/wp-content\/uploads\/2025\/11\/Premios_2025_MITAD_4_EN-2.png","contentUrl":"https:\/\/www.pagolosvivales.com\/wp-content\/uploads\/2025\/11\/Premios_2025_MITAD_4_EN-2.png"},{"@type":"BreadcrumbList","@id":"https:\/\/www.pagolosvivales.com\/pt-pt\/premios\/#breadcrumb","itemListElement":[{"@type":"ListItem","position":1,"name":"Portada","item":"https:\/\/www.pagolosvivales.com\/pt-pt\/"},{"@type":"ListItem","position":2,"name":"Pr\u00e9mios"}]},{"@type":"WebSite","@id":"https:\/\/www.pagolosvivales.com\/pt-pt\/#website","url":"https:\/\/www.pagolosvivales.com\/pt-pt\/","name":"Queso de Oveja Pago &quot;Los Vivales&quot;","description":"Baltasar Moralejo e Hijos","potentialAction":[{"@type":"SearchAction","target":{"@type":"EntryPoint","urlTemplate":"https:\/\/www.pagolosvivales.com\/pt-pt\/?s={search_term_string}"},"query-input":{"@type":"PropertyValueSpecification","valueRequired":true,"valueName":"search_term_string"}}],"inLanguage":"pt-PT"}]}},"_links":{"self":[{"href":"https:\/\/www.pagolosvivales.com\/pt-pt\/wp-json\/wp\/v2\/pages\/4999","targetHints":{"allow":["GET"]}}],"collection":[{"href":"https:\/\/www.pagolosvivales.com\/pt-pt\/wp-json\/wp\/v2\/pages"}],"about":[{"href":"https:\/\/www.pagolosvivales.com\/pt-pt\/wp-json\/wp\/v2\/types\/page"}],"author":[{"embeddable":true,"href":"https:\/\/www.pagolosvivales.com\/pt-pt\/wp-json\/wp\/v2\/users\/1"}],"replies":[{"embeddable":true,"href":"https:\/\/www.pagolosvivales.com\/pt-pt\/wp-json\/wp\/v2\/comments?post=4999"}],"version-history":[{"count":10,"href":"https:\/\/www.pagolosvivales.com\/pt-pt\/wp-json\/wp\/v2\/pages\/4999\/revisions"}],"predecessor-version":[{"id":25828,"href":"https:\/\/www.pagolosvivales.com\/pt-pt\/wp-json\/wp\/v2\/pages\/4999\/revisions\/25828"}],"wp:attachment":[{"href":"https:\/\/www.pagolosvivales.com\/pt-pt\/wp-json\/wp\/v2\/media?parent=4999"}],"curies":[{"name":"wp","href":"https:\/\/api.w.org\/{rel}","templated":true}]}}