{"id":4991,"date":"2018-12-26T08:45:10","date_gmt":"2018-12-26T08:45:10","guid":{"rendered":"http:\/\/vivales.questiondeimagen.com\/elaboracao\/"},"modified":"2019-01-28T09:07:03","modified_gmt":"2019-01-28T09:07:03","slug":"elaboracao","status":"publish","type":"page","link":"https:\/\/www.pagolosvivales.com\/pt-pt\/elaboracao\/","title":{"rendered":"Elaborac\u00e3o"},"content":{"rendered":"<p><img loading=\"lazy\" decoding=\"async\" class=\"alignright wp-image-4220 size-full\" src=\"https:\/\/www.pagolosvivales.com\/wp-content\/uploads\/2018\/10\/elaboracion.png\" alt=\"\" width=\"511\" height=\"346\" srcset=\"https:\/\/www.pagolosvivales.com\/wp-content\/uploads\/2018\/10\/elaboracion.png 511w, https:\/\/www.pagolosvivales.com\/wp-content\/uploads\/2018\/10\/elaboracion-300x203.png 300w\" sizes=\"auto, (max-width: 511px) 100vw, 511px\" \/>Podemos garantir a <strong>rastreabilidade <\/strong>do produto, ou seja, o controlo absoluto de todo o processo, desde o fabrico de ra\u00e7\u00f5es, pecu\u00e1ria, processo de ordenha e finalmente a produ\u00e7\u00e3o do nosso queijo.<\/p>\n<h2>O NOSSO QUEIJO<\/h2>\n<p>O controlo e a uniformidade em todo o processo oferecem-nos um produto homog\u00e9neo durante todo o ano. Apresenta-se em unidades de 3,2 e 1,2 Kg.<\/p>\n<p><strong class=\"dorado\">Porqu\u00ea leite cru de ovelha?<\/strong> Porque com o controlo de pecu\u00e1ria, alimenta\u00e7\u00e3o e produ\u00e7\u00e3o, podemos garantir a qualidade do nosso leite sem ter de recorrer \u00e0 pasteuriza\u00e7\u00e3o, mantendo todas as qualidades originais do melhor leite.<\/p>\n<p>Um queijo com uma fina crosta com uma pasta de textura fundente e sabor arom\u00e1tico e limpo que repousa na nossa sala de cura na nossa sala de amadurecimento, onde \u00e9 conservado a uma temperatura e humidade adequadas para depois sair para o mercado, finalizando assim o processo de elabora\u00e7\u00e3o de um queijo de excelente qualidade.<\/p>\n","protected":false},"excerpt":{"rendered":"<p>Podemos garantir a rastreabilidade do produto, ou seja, o controlo absoluto de todo o processo, desde o fabrico de ra\u00e7\u00f5es, pecu\u00e1ria, processo de ordenha e finalmente a produ\u00e7\u00e3o do nosso queijo. O NOSSO QUEIJO O controlo e a uniformidade em todo o processo oferecem-nos um produto homog\u00e9neo durante todo o ano. Apresenta-se em unidades de&#8230; <\/p>\n<div class=\"clear\"><\/div>\n<p><a href=\"https:\/\/www.pagolosvivales.com\/pt-pt\/elaboracao\/\" class=\"excerpt-read-more\">Read More<\/a><\/p>\n","protected":false},"author":1,"featured_media":0,"parent":0,"menu_order":0,"comment_status":"closed","ping_status":"closed","template":"","meta":{"_acf_changed":false,"footnotes":""},"class_list":["post-4991","page","type-page","status-publish","hentry"],"acf":[],"yoast_head":"<!-- This site is optimized with the Yoast SEO plugin v27.3 - https:\/\/yoast.com\/product\/yoast-seo-wordpress\/ -->\n<title>Elaborac\u00e3o de Queso de Oveja Pago &quot;Los Vivales&quot; - Leche cruda<\/title>\n<meta name=\"description\" content=\"En Pago los vivales, podemos garantizar la trazabilidad del producto; esto significa que tenemos el control absoluto de todo el proceso.\" \/>\n<meta name=\"robots\" content=\"index, follow, max-snippet:-1, max-image-preview:large, max-video-preview:-1\" \/>\n<link rel=\"canonical\" href=\"https:\/\/www.pagolosvivales.com\/pt-pt\/elaboracao\/\" \/>\n<meta property=\"og:locale\" content=\"pt_PT\" \/>\n<meta property=\"og:type\" content=\"article\" \/>\n<meta property=\"og:title\" content=\"Elaborac\u00e3o de Queso de Oveja Pago &quot;Los Vivales&quot; - Leche cruda\" \/>\n<meta property=\"og:description\" content=\"En Pago los vivales, podemos garantizar la trazabilidad del producto; esto significa que tenemos el control absoluto de todo el proceso.\" \/>\n<meta property=\"og:url\" content=\"https:\/\/www.pagolosvivales.com\/pt-pt\/elaboracao\/\" \/>\n<meta property=\"og:site_name\" content=\"Queso de Oveja Pago &quot;Los Vivales&quot;\" \/>\n<meta property=\"article:modified_time\" content=\"2019-01-28T09:07:03+00:00\" \/>\n<meta property=\"og:image\" content=\"https:\/\/www.pagolosvivales.com\/wp-content\/uploads\/2018\/10\/elaboracion.png\" \/>\n<meta name=\"twitter:card\" content=\"summary_large_image\" \/>\n<meta name=\"twitter:label1\" content=\"Tempo estimado de leitura\" \/>\n\t<meta name=\"twitter:data1\" content=\"1 minuto\" \/>\n<script type=\"application\/ld+json\" class=\"yoast-schema-graph\">{\"@context\":\"https:\\\/\\\/schema.org\",\"@graph\":[{\"@type\":\"WebPage\",\"@id\":\"https:\\\/\\\/www.pagolosvivales.com\\\/pt-pt\\\/elaboracao\\\/\",\"url\":\"https:\\\/\\\/www.pagolosvivales.com\\\/pt-pt\\\/elaboracao\\\/\",\"name\":\"Elaborac\u00e3o de Queso de Oveja Pago &quot;Los Vivales&quot; - Leche cruda\",\"isPartOf\":{\"@id\":\"https:\\\/\\\/www.pagolosvivales.com\\\/pt-pt\\\/#website\"},\"primaryImageOfPage\":{\"@id\":\"https:\\\/\\\/www.pagolosvivales.com\\\/pt-pt\\\/elaboracao\\\/#primaryimage\"},\"image\":{\"@id\":\"https:\\\/\\\/www.pagolosvivales.com\\\/pt-pt\\\/elaboracao\\\/#primaryimage\"},\"thumbnailUrl\":\"https:\\\/\\\/www.pagolosvivales.com\\\/wp-content\\\/uploads\\\/2018\\\/10\\\/elaboracion.png\",\"datePublished\":\"2018-12-26T08:45:10+00:00\",\"dateModified\":\"2019-01-28T09:07:03+00:00\",\"description\":\"En Pago los vivales, podemos garantizar la trazabilidad del producto; esto significa que tenemos el control absoluto de todo el proceso.\",\"breadcrumb\":{\"@id\":\"https:\\\/\\\/www.pagolosvivales.com\\\/pt-pt\\\/elaboracao\\\/#breadcrumb\"},\"inLanguage\":\"pt-PT\",\"potentialAction\":[{\"@type\":\"ReadAction\",\"target\":[\"https:\\\/\\\/www.pagolosvivales.com\\\/pt-pt\\\/elaboracao\\\/\"]}]},{\"@type\":\"ImageObject\",\"inLanguage\":\"pt-PT\",\"@id\":\"https:\\\/\\\/www.pagolosvivales.com\\\/pt-pt\\\/elaboracao\\\/#primaryimage\",\"url\":\"https:\\\/\\\/www.pagolosvivales.com\\\/wp-content\\\/uploads\\\/2018\\\/10\\\/elaboracion.png\",\"contentUrl\":\"https:\\\/\\\/www.pagolosvivales.com\\\/wp-content\\\/uploads\\\/2018\\\/10\\\/elaboracion.png\"},{\"@type\":\"BreadcrumbList\",\"@id\":\"https:\\\/\\\/www.pagolosvivales.com\\\/pt-pt\\\/elaboracao\\\/#breadcrumb\",\"itemListElement\":[{\"@type\":\"ListItem\",\"position\":1,\"name\":\"Portada\",\"item\":\"https:\\\/\\\/www.pagolosvivales.com\\\/pt-pt\\\/\"},{\"@type\":\"ListItem\",\"position\":2,\"name\":\"Elaborac\u00e3o\"}]},{\"@type\":\"WebSite\",\"@id\":\"https:\\\/\\\/www.pagolosvivales.com\\\/pt-pt\\\/#website\",\"url\":\"https:\\\/\\\/www.pagolosvivales.com\\\/pt-pt\\\/\",\"name\":\"Queso de Oveja Pago &quot;Los Vivales&quot;\",\"description\":\"Baltasar Moralejo e Hijos\",\"potentialAction\":[{\"@type\":\"SearchAction\",\"target\":{\"@type\":\"EntryPoint\",\"urlTemplate\":\"https:\\\/\\\/www.pagolosvivales.com\\\/pt-pt\\\/?s={search_term_string}\"},\"query-input\":{\"@type\":\"PropertyValueSpecification\",\"valueRequired\":true,\"valueName\":\"search_term_string\"}}],\"inLanguage\":\"pt-PT\"}]}<\/script>\n<!-- \/ Yoast SEO plugin. -->","yoast_head_json":{"title":"Elaborac\u00e3o de Queso de Oveja Pago &quot;Los Vivales&quot; - Leche cruda","description":"En Pago los vivales, podemos garantizar la trazabilidad del producto; esto significa que tenemos el control absoluto de todo el proceso.","robots":{"index":"index","follow":"follow","max-snippet":"max-snippet:-1","max-image-preview":"max-image-preview:large","max-video-preview":"max-video-preview:-1"},"canonical":"https:\/\/www.pagolosvivales.com\/pt-pt\/elaboracao\/","og_locale":"pt_PT","og_type":"article","og_title":"Elaborac\u00e3o de Queso de Oveja Pago &quot;Los Vivales&quot; - Leche cruda","og_description":"En Pago los vivales, podemos garantizar la trazabilidad del producto; esto significa que tenemos el control absoluto de todo el proceso.","og_url":"https:\/\/www.pagolosvivales.com\/pt-pt\/elaboracao\/","og_site_name":"Queso de Oveja Pago &quot;Los Vivales&quot;","article_modified_time":"2019-01-28T09:07:03+00:00","og_image":[{"url":"https:\/\/www.pagolosvivales.com\/wp-content\/uploads\/2018\/10\/elaboracion.png","type":"","width":"","height":""}],"twitter_card":"summary_large_image","twitter_misc":{"Tempo estimado de leitura":"1 minuto"},"schema":{"@context":"https:\/\/schema.org","@graph":[{"@type":"WebPage","@id":"https:\/\/www.pagolosvivales.com\/pt-pt\/elaboracao\/","url":"https:\/\/www.pagolosvivales.com\/pt-pt\/elaboracao\/","name":"Elaborac\u00e3o de Queso de Oveja Pago &quot;Los Vivales&quot; - Leche cruda","isPartOf":{"@id":"https:\/\/www.pagolosvivales.com\/pt-pt\/#website"},"primaryImageOfPage":{"@id":"https:\/\/www.pagolosvivales.com\/pt-pt\/elaboracao\/#primaryimage"},"image":{"@id":"https:\/\/www.pagolosvivales.com\/pt-pt\/elaboracao\/#primaryimage"},"thumbnailUrl":"https:\/\/www.pagolosvivales.com\/wp-content\/uploads\/2018\/10\/elaboracion.png","datePublished":"2018-12-26T08:45:10+00:00","dateModified":"2019-01-28T09:07:03+00:00","description":"En Pago los vivales, podemos garantizar la trazabilidad del producto; esto significa que tenemos el control absoluto de todo el proceso.","breadcrumb":{"@id":"https:\/\/www.pagolosvivales.com\/pt-pt\/elaboracao\/#breadcrumb"},"inLanguage":"pt-PT","potentialAction":[{"@type":"ReadAction","target":["https:\/\/www.pagolosvivales.com\/pt-pt\/elaboracao\/"]}]},{"@type":"ImageObject","inLanguage":"pt-PT","@id":"https:\/\/www.pagolosvivales.com\/pt-pt\/elaboracao\/#primaryimage","url":"https:\/\/www.pagolosvivales.com\/wp-content\/uploads\/2018\/10\/elaboracion.png","contentUrl":"https:\/\/www.pagolosvivales.com\/wp-content\/uploads\/2018\/10\/elaboracion.png"},{"@type":"BreadcrumbList","@id":"https:\/\/www.pagolosvivales.com\/pt-pt\/elaboracao\/#breadcrumb","itemListElement":[{"@type":"ListItem","position":1,"name":"Portada","item":"https:\/\/www.pagolosvivales.com\/pt-pt\/"},{"@type":"ListItem","position":2,"name":"Elaborac\u00e3o"}]},{"@type":"WebSite","@id":"https:\/\/www.pagolosvivales.com\/pt-pt\/#website","url":"https:\/\/www.pagolosvivales.com\/pt-pt\/","name":"Queso de Oveja Pago &quot;Los Vivales&quot;","description":"Baltasar Moralejo e Hijos","potentialAction":[{"@type":"SearchAction","target":{"@type":"EntryPoint","urlTemplate":"https:\/\/www.pagolosvivales.com\/pt-pt\/?s={search_term_string}"},"query-input":{"@type":"PropertyValueSpecification","valueRequired":true,"valueName":"search_term_string"}}],"inLanguage":"pt-PT"}]}},"_links":{"self":[{"href":"https:\/\/www.pagolosvivales.com\/pt-pt\/wp-json\/wp\/v2\/pages\/4991","targetHints":{"allow":["GET"]}}],"collection":[{"href":"https:\/\/www.pagolosvivales.com\/pt-pt\/wp-json\/wp\/v2\/pages"}],"about":[{"href":"https:\/\/www.pagolosvivales.com\/pt-pt\/wp-json\/wp\/v2\/types\/page"}],"author":[{"embeddable":true,"href":"https:\/\/www.pagolosvivales.com\/pt-pt\/wp-json\/wp\/v2\/users\/1"}],"replies":[{"embeddable":true,"href":"https:\/\/www.pagolosvivales.com\/pt-pt\/wp-json\/wp\/v2\/comments?post=4991"}],"version-history":[{"count":0,"href":"https:\/\/www.pagolosvivales.com\/pt-pt\/wp-json\/wp\/v2\/pages\/4991\/revisions"}],"wp:attachment":[{"href":"https:\/\/www.pagolosvivales.com\/pt-pt\/wp-json\/wp\/v2\/media?parent=4991"}],"curies":[{"name":"wp","href":"https:\/\/api.w.org\/{rel}","templated":true}]}}