{"id":4989,"date":"2018-12-26T08:42:00","date_gmt":"2018-12-26T08:42:00","guid":{"rendered":"http:\/\/vivales.questiondeimagen.com\/criacao\/"},"modified":"2023-12-05T16:15:32","modified_gmt":"2023-12-05T15:15:32","slug":"criacao","status":"publish","type":"page","link":"https:\/\/www.pagolosvivales.com\/pt-pt\/criacao\/","title":{"rendered":"Criac\u00e3o"},"content":{"rendered":"<p><strong class=\"dorado\">Quinta &#8220;Los Vivales&#8221;<\/strong> \u00e9 uma fazenda de 120 mil m2 localizada no noroeste de Castilla y Le\u00f3n (Espanha), na cidade de Coreses prov\u00edncia de Zamora.<\/p>\n<p>4.000 ovelhas produtoras de leite, sujeitas a um constante controlo de sele\u00e7\u00e3o, para a obten\u00e7\u00e3o da melhor qualidade do produto<\/p>\n<p><img loading=\"lazy\" decoding=\"async\" class=\"size-full wp-image-19658 aligncenter\" title=\"Pago Los Vivales\" src=\"https:\/\/www.pagolosvivales.com\/wp-content\/uploads\/2023\/12\/ganaderia_pagolosvivales.jpg\" alt=\"Pago Los Vivales\" width=\"760\" height=\"570\" srcset=\"https:\/\/www.pagolosvivales.com\/wp-content\/uploads\/2023\/12\/ganaderia_pagolosvivales.jpg 760w, https:\/\/www.pagolosvivales.com\/wp-content\/uploads\/2023\/12\/ganaderia_pagolosvivales-300x225.jpg 300w, https:\/\/www.pagolosvivales.com\/wp-content\/uploads\/2023\/12\/ganaderia_pagolosvivales-600x450.jpg 600w\" sizes=\"auto, (max-width: 760px) 100vw, 760px\" \/><\/p>\n<h2>A ALIMENTA\u00c7\u00c3O DOS ANIMAIS \u00c9 &#8220;\u00c0 LA CARTE&#8221;<\/h2>\n<p>Elaborada na pr\u00f3pria explora\u00e7\u00e3o com cevada, luzerna, milho, soja e palha, todos sujeitos a an\u00e1lises para um eficaz controlo de qualidade.<\/p>\n<p>Consoante o per\u00edodo de gesta\u00e7\u00e3o e produ\u00e7\u00e3o, s\u00e3o criadas diferentes misturas para obter a ra\u00e7\u00e3o adequada.<\/p>\n<h2>BEM-ESTAR ANIMAL<\/h2>\n<p>Os comedouros s\u00e3o mantidos cheios, para criar nas ovelhas o estado de calma e tranquilidade a que chamamos &#8220;bem-estar animal&#8221;.<\/p>\n<h2>CONTROLOS SANIT\u00c1RIOS<\/h2>\n<p>O nosso pr\u00f3prio equipamento veterin\u00e1rio controla exaustivamente o estado de sa\u00fade do rebanho, atrav\u00e9s de um exigente programa sanit\u00e1rio, garantido assim qualidade na produ\u00e7\u00e3o de leite.<\/p>\n","protected":false},"excerpt":{"rendered":"<p>Quinta &#8220;Los Vivales&#8221; \u00e9 uma fazenda de 120 mil m2 localizada no noroeste de Castilla y Le\u00f3n (Espanha), na cidade de Coreses prov\u00edncia de Zamora. 4.000 ovelhas produtoras de leite, sujeitas a um constante controlo de sele\u00e7\u00e3o, para a obten\u00e7\u00e3o da melhor qualidade do produto A ALIMENTA\u00c7\u00c3O DOS ANIMAIS \u00c9 &#8220;\u00c0 LA CARTE&#8221; Elaborada na&#8230; <\/p>\n<div class=\"clear\"><\/div>\n<p><a href=\"https:\/\/www.pagolosvivales.com\/pt-pt\/criacao\/\" class=\"excerpt-read-more\">Read More<\/a><\/p>\n","protected":false},"author":1,"featured_media":4215,"parent":0,"menu_order":0,"comment_status":"closed","ping_status":"closed","template":"","meta":{"_acf_changed":false,"footnotes":""},"class_list":["post-4989","page","type-page","status-publish","has-post-thumbnail","hentry"],"acf":[],"yoast_head":"<!-- This site is optimized with the Yoast SEO plugin v27.3 - https:\/\/yoast.com\/product\/yoast-seo-wordpress\/ -->\n<title>Criac\u00e3o de Queso de Oveja Pago &quot;Los Vivales&quot; - Leche cruda<\/title>\n<meta name=\"description\" content=\"Tenemos 4.000 ovejas productoras de leche, con un constante control de selecci\u00f3n para obtener la mejor calidad del producto.\" \/>\n<meta name=\"robots\" content=\"index, follow, max-snippet:-1, max-image-preview:large, max-video-preview:-1\" \/>\n<link rel=\"canonical\" href=\"https:\/\/www.pagolosvivales.com\/pt-pt\/criacao\/\" \/>\n<meta property=\"og:locale\" content=\"pt_PT\" \/>\n<meta property=\"og:type\" content=\"article\" \/>\n<meta property=\"og:title\" content=\"Criac\u00e3o de Queso de Oveja Pago &quot;Los Vivales&quot; - Leche cruda\" \/>\n<meta property=\"og:description\" content=\"Tenemos 4.000 ovejas productoras de leche, con un constante control de selecci\u00f3n para obtener la mejor calidad del producto.\" \/>\n<meta property=\"og:url\" content=\"https:\/\/www.pagolosvivales.com\/pt-pt\/criacao\/\" \/>\n<meta property=\"og:site_name\" content=\"Queso de Oveja Pago &quot;Los Vivales&quot;\" \/>\n<meta property=\"article:modified_time\" content=\"2023-12-05T15:15:32+00:00\" \/>\n<meta property=\"og:image\" content=\"https:\/\/www.pagolosvivales.com\/wp-content\/uploads\/2018\/10\/PagoLosVivales.png\" \/>\n\t<meta property=\"og:image:width\" content=\"739\" \/>\n\t<meta property=\"og:image:height\" content=\"369\" \/>\n\t<meta property=\"og:image:type\" content=\"image\/png\" \/>\n<meta name=\"twitter:card\" content=\"summary_large_image\" \/>\n<meta name=\"twitter:label1\" content=\"Tempo estimado de leitura\" \/>\n\t<meta name=\"twitter:data1\" content=\"1 minuto\" \/>\n<script type=\"application\/ld+json\" class=\"yoast-schema-graph\">{\"@context\":\"https:\\\/\\\/schema.org\",\"@graph\":[{\"@type\":\"WebPage\",\"@id\":\"https:\\\/\\\/www.pagolosvivales.com\\\/pt-pt\\\/criacao\\\/\",\"url\":\"https:\\\/\\\/www.pagolosvivales.com\\\/pt-pt\\\/criacao\\\/\",\"name\":\"Criac\u00e3o de Queso de Oveja Pago &quot;Los Vivales&quot; - Leche cruda\",\"isPartOf\":{\"@id\":\"https:\\\/\\\/www.pagolosvivales.com\\\/pt-pt\\\/#website\"},\"primaryImageOfPage\":{\"@id\":\"https:\\\/\\\/www.pagolosvivales.com\\\/pt-pt\\\/criacao\\\/#primaryimage\"},\"image\":{\"@id\":\"https:\\\/\\\/www.pagolosvivales.com\\\/pt-pt\\\/criacao\\\/#primaryimage\"},\"thumbnailUrl\":\"https:\\\/\\\/www.pagolosvivales.com\\\/wp-content\\\/uploads\\\/2018\\\/10\\\/PagoLosVivales.png\",\"datePublished\":\"2018-12-26T08:42:00+00:00\",\"dateModified\":\"2023-12-05T15:15:32+00:00\",\"description\":\"Tenemos 4.000 ovejas productoras de leche, con un constante control de selecci\u00f3n para obtener la mejor calidad del producto.\",\"breadcrumb\":{\"@id\":\"https:\\\/\\\/www.pagolosvivales.com\\\/pt-pt\\\/criacao\\\/#breadcrumb\"},\"inLanguage\":\"pt-PT\",\"potentialAction\":[{\"@type\":\"ReadAction\",\"target\":[\"https:\\\/\\\/www.pagolosvivales.com\\\/pt-pt\\\/criacao\\\/\"]}]},{\"@type\":\"ImageObject\",\"inLanguage\":\"pt-PT\",\"@id\":\"https:\\\/\\\/www.pagolosvivales.com\\\/pt-pt\\\/criacao\\\/#primaryimage\",\"url\":\"https:\\\/\\\/www.pagolosvivales.com\\\/wp-content\\\/uploads\\\/2018\\\/10\\\/PagoLosVivales.png\",\"contentUrl\":\"https:\\\/\\\/www.pagolosvivales.com\\\/wp-content\\\/uploads\\\/2018\\\/10\\\/PagoLosVivales.png\",\"width\":739,\"height\":369,\"caption\":\"Ganader\u00eda de Pago Los Vivales\"},{\"@type\":\"BreadcrumbList\",\"@id\":\"https:\\\/\\\/www.pagolosvivales.com\\\/pt-pt\\\/criacao\\\/#breadcrumb\",\"itemListElement\":[{\"@type\":\"ListItem\",\"position\":1,\"name\":\"Portada\",\"item\":\"https:\\\/\\\/www.pagolosvivales.com\\\/pt-pt\\\/\"},{\"@type\":\"ListItem\",\"position\":2,\"name\":\"Criac\u00e3o\"}]},{\"@type\":\"WebSite\",\"@id\":\"https:\\\/\\\/www.pagolosvivales.com\\\/pt-pt\\\/#website\",\"url\":\"https:\\\/\\\/www.pagolosvivales.com\\\/pt-pt\\\/\",\"name\":\"Queso de Oveja Pago &quot;Los Vivales&quot;\",\"description\":\"Baltasar Moralejo e Hijos\",\"potentialAction\":[{\"@type\":\"SearchAction\",\"target\":{\"@type\":\"EntryPoint\",\"urlTemplate\":\"https:\\\/\\\/www.pagolosvivales.com\\\/pt-pt\\\/?s={search_term_string}\"},\"query-input\":{\"@type\":\"PropertyValueSpecification\",\"valueRequired\":true,\"valueName\":\"search_term_string\"}}],\"inLanguage\":\"pt-PT\"}]}<\/script>\n<!-- \/ Yoast SEO plugin. -->","yoast_head_json":{"title":"Criac\u00e3o de Queso de Oveja Pago &quot;Los Vivales&quot; - Leche cruda","description":"Tenemos 4.000 ovejas productoras de leche, con un constante control de selecci\u00f3n para obtener la mejor calidad del producto.","robots":{"index":"index","follow":"follow","max-snippet":"max-snippet:-1","max-image-preview":"max-image-preview:large","max-video-preview":"max-video-preview:-1"},"canonical":"https:\/\/www.pagolosvivales.com\/pt-pt\/criacao\/","og_locale":"pt_PT","og_type":"article","og_title":"Criac\u00e3o de Queso de Oveja Pago &quot;Los Vivales&quot; - Leche cruda","og_description":"Tenemos 4.000 ovejas productoras de leche, con un constante control de selecci\u00f3n para obtener la mejor calidad del producto.","og_url":"https:\/\/www.pagolosvivales.com\/pt-pt\/criacao\/","og_site_name":"Queso de Oveja Pago &quot;Los Vivales&quot;","article_modified_time":"2023-12-05T15:15:32+00:00","og_image":[{"width":739,"height":369,"url":"https:\/\/www.pagolosvivales.com\/wp-content\/uploads\/2018\/10\/PagoLosVivales.png","type":"image\/png"}],"twitter_card":"summary_large_image","twitter_misc":{"Tempo estimado de leitura":"1 minuto"},"schema":{"@context":"https:\/\/schema.org","@graph":[{"@type":"WebPage","@id":"https:\/\/www.pagolosvivales.com\/pt-pt\/criacao\/","url":"https:\/\/www.pagolosvivales.com\/pt-pt\/criacao\/","name":"Criac\u00e3o de Queso de Oveja Pago &quot;Los Vivales&quot; - Leche cruda","isPartOf":{"@id":"https:\/\/www.pagolosvivales.com\/pt-pt\/#website"},"primaryImageOfPage":{"@id":"https:\/\/www.pagolosvivales.com\/pt-pt\/criacao\/#primaryimage"},"image":{"@id":"https:\/\/www.pagolosvivales.com\/pt-pt\/criacao\/#primaryimage"},"thumbnailUrl":"https:\/\/www.pagolosvivales.com\/wp-content\/uploads\/2018\/10\/PagoLosVivales.png","datePublished":"2018-12-26T08:42:00+00:00","dateModified":"2023-12-05T15:15:32+00:00","description":"Tenemos 4.000 ovejas productoras de leche, con un constante control de selecci\u00f3n para obtener la mejor calidad del producto.","breadcrumb":{"@id":"https:\/\/www.pagolosvivales.com\/pt-pt\/criacao\/#breadcrumb"},"inLanguage":"pt-PT","potentialAction":[{"@type":"ReadAction","target":["https:\/\/www.pagolosvivales.com\/pt-pt\/criacao\/"]}]},{"@type":"ImageObject","inLanguage":"pt-PT","@id":"https:\/\/www.pagolosvivales.com\/pt-pt\/criacao\/#primaryimage","url":"https:\/\/www.pagolosvivales.com\/wp-content\/uploads\/2018\/10\/PagoLosVivales.png","contentUrl":"https:\/\/www.pagolosvivales.com\/wp-content\/uploads\/2018\/10\/PagoLosVivales.png","width":739,"height":369,"caption":"Ganader\u00eda de Pago Los Vivales"},{"@type":"BreadcrumbList","@id":"https:\/\/www.pagolosvivales.com\/pt-pt\/criacao\/#breadcrumb","itemListElement":[{"@type":"ListItem","position":1,"name":"Portada","item":"https:\/\/www.pagolosvivales.com\/pt-pt\/"},{"@type":"ListItem","position":2,"name":"Criac\u00e3o"}]},{"@type":"WebSite","@id":"https:\/\/www.pagolosvivales.com\/pt-pt\/#website","url":"https:\/\/www.pagolosvivales.com\/pt-pt\/","name":"Queso de Oveja Pago &quot;Los Vivales&quot;","description":"Baltasar Moralejo e Hijos","potentialAction":[{"@type":"SearchAction","target":{"@type":"EntryPoint","urlTemplate":"https:\/\/www.pagolosvivales.com\/pt-pt\/?s={search_term_string}"},"query-input":{"@type":"PropertyValueSpecification","valueRequired":true,"valueName":"search_term_string"}}],"inLanguage":"pt-PT"}]}},"_links":{"self":[{"href":"https:\/\/www.pagolosvivales.com\/pt-pt\/wp-json\/wp\/v2\/pages\/4989","targetHints":{"allow":["GET"]}}],"collection":[{"href":"https:\/\/www.pagolosvivales.com\/pt-pt\/wp-json\/wp\/v2\/pages"}],"about":[{"href":"https:\/\/www.pagolosvivales.com\/pt-pt\/wp-json\/wp\/v2\/types\/page"}],"author":[{"embeddable":true,"href":"https:\/\/www.pagolosvivales.com\/pt-pt\/wp-json\/wp\/v2\/users\/1"}],"replies":[{"embeddable":true,"href":"https:\/\/www.pagolosvivales.com\/pt-pt\/wp-json\/wp\/v2\/comments?post=4989"}],"version-history":[{"count":1,"href":"https:\/\/www.pagolosvivales.com\/pt-pt\/wp-json\/wp\/v2\/pages\/4989\/revisions"}],"predecessor-version":[{"id":19671,"href":"https:\/\/www.pagolosvivales.com\/pt-pt\/wp-json\/wp\/v2\/pages\/4989\/revisions\/19671"}],"wp:featuredmedia":[{"embeddable":true,"href":"https:\/\/www.pagolosvivales.com\/pt-pt\/wp-json\/wp\/v2\/media\/4215"}],"wp:attachment":[{"href":"https:\/\/www.pagolosvivales.com\/pt-pt\/wp-json\/wp\/v2\/media?parent=4989"}],"curies":[{"name":"wp","href":"https:\/\/api.w.org\/{rel}","templated":true}]}}