{"id":5060,"date":"2018-12-26T12:42:27","date_gmt":"2018-12-26T12:42:27","guid":{"rendered":"http:\/\/vivales.questiondeimagen.com\/prix\/"},"modified":"2025-11-18T17:40:53","modified_gmt":"2025-11-18T16:40:53","slug":"prix","status":"publish","type":"page","link":"https:\/\/www.pagolosvivales.com\/fr\/prix\/","title":{"rendered":"Prix"},"content":{"rendered":"<p><img decoding=\"async\" src=\"https:\/\/www.pagolosvivales.com\/wp-content\/uploads\/2025\/11\/Premios_2025_MITAD_4_EN-2.png\" alt=\"Awards obteined by Pago &quot;Los Vivales&quot; cheeses\" title=\"Awards obteined by Pago &quot;Los Vivales&quot; cheeses\" width=\"800\" class=\"aligncenter size-full wp-image-6296\" \/><\/p>\n<p><img decoding=\"async\" src=\"https:\/\/www.pagolosvivales.com\/wp-content\/uploads\/2025\/11\/Premios_2025_MITAD_3NUEVO_en-1.png\" alt=\"Awards obteined by Pago &quot;Los Vivales&quot; cheeses\" title=\"Awards obteined by Pago &quot;Los Vivales&quot; cheeses\" width=\"800\" class=\"aligncenter size-full wp-image-6296\" \/><\/p>\n<p><img decoding=\"async\" src=\"https:\/\/www.pagolosvivales.com\/wp-content\/uploads\/2025\/09\/Premios_2025_MITAD_2_EN.png\" alt=\"Prix\" title=\"Prix\" width=\"800\" class=\"aligncenter size-full wp-image-6296\" \/><\/p>\n<p><img loading=\"lazy\" decoding=\"async\" src=\"https:\/\/www.pagolosvivales.com\/wp-content\/uploads\/2019\/02\/Premios_2017_INGLES_MITAD_1.png\" alt=\"Prix\" title=\"Prix\" width=\"800\" height=\"1090\" class=\"aligncenter size-full wp-image-6290\" srcset=\"https:\/\/www.pagolosvivales.com\/wp-content\/uploads\/2019\/02\/Premios_2017_INGLES_MITAD_1.png 800w, https:\/\/www.pagolosvivales.com\/wp-content\/uploads\/2019\/02\/Premios_2017_INGLES_MITAD_1-220x300.png 220w, https:\/\/www.pagolosvivales.com\/wp-content\/uploads\/2019\/02\/Premios_2017_INGLES_MITAD_1-768x1046.png 768w, https:\/\/www.pagolosvivales.com\/wp-content\/uploads\/2019\/02\/Premios_2017_INGLES_MITAD_1-752x1024.png 752w, https:\/\/www.pagolosvivales.com\/wp-content\/uploads\/2019\/02\/Premios_2017_INGLES_MITAD_1-600x818.png 600w\" sizes=\"auto, (max-width: 800px) 100vw, 800px\" \/><\/p>\n<p>En <strong class=\"dorado\">2008<\/strong>, Pago \u00ab\u00a0Los Vivales\u00a0\u00bb a \u00e9t\u00e9 r\u00e9compens\u00e9 par le Cincho de plata (argent) dans la cat\u00e9gorie des Fromages de brebis affin\u00e9s au lait cru.<img loading=\"lazy\" decoding=\"async\" class=\"size-medium wp-image-4434 alignright\" src=\"https:\/\/www.pagolosvivales.com\/wp-content\/uploads\/2018\/10\/oveja_premios_pq-248x300.png\" alt=\"Nuestras Ovejas se merecen un monumento\" width=\"248\" height=\"300\" srcset=\"https:\/\/www.pagolosvivales.com\/wp-content\/uploads\/2018\/10\/oveja_premios_pq-248x300.png 248w, https:\/\/www.pagolosvivales.com\/wp-content\/uploads\/2018\/10\/oveja_premios_pq.png 430w\" sizes=\"auto, (max-width: 248px) 100vw, 248px\" \/><\/p>\n<p>En <strong class=\"dorado\">2010<\/strong>, Pago \u00ab\u00a0Los Vivales\u00a0\u00bb a re\u00e7u la distinction Botiguero de Oro (or) dans la cat\u00e9gorie Quesos Madurez (fromages affin\u00e9s).<\/p>\n<p>D\u00e9but <strong class=\"dorado\">2011<\/strong>, les fromages de Pago \u00ab\u00a0Los Vivales\u00a0\u00bb sont \u00e0 nouveau r\u00e9compens\u00e9s lors de leur participation aux \u00ab\u00a0World Cheese Prix\u00a0\u00bb, o\u00f9 ils ont \u00e9t\u00e9 en comp\u00e9tition avec plus de 2 600 fromages provenant de 19 pays et o\u00f9 ils ont obtenu des r\u00e9sultats extraordinaires.<\/p>\n<p>Le fromage de brebis affin\u00e9 au lait cru \u00c9tiquette noire Pago \u00ab\u00a0Los Vivales\u00a0\u00bb a re\u00e7u la m\u00e9daille d&rsquo;argent des \u00ab\u00a0World Cheese Prix\u00a0\u00bb. Le fromage de brebis semi-affin\u00e9 au lait cru \u00c9tiquette verte et le fromage de brebis tendre au lait cru \u00c9tiquette bleue de Pago \u00ab\u00a0Los Vivales\u00a0\u00bb ont \u00e9galement \u00e9t\u00e9 r\u00e9compens\u00e9s avec la m\u00e9daille de bronze.<\/p>\n<p>En <strong class=\"dorado\">2012<\/strong> le fromage de brebis affin\u00e9 au lait cru \u00c9tiquette noire Pago \u00ab\u00a0Los Vivales\u00a0\u00bb a re\u00e7u la m\u00e9daille d&rsquo;bronze des \u00ab\u00a0World Cheese Prix\u00a0\u00bb. Le fromage de brebis semi-affin\u00e9 au lait cru \u00c9tiquette verte a re\u00e7u la m\u00e9daille d&rsquo;argent et le fromage reserva au lait cru \u00c9tiquette bordeaux de Pago \u00ab\u00a0Los Vivales\u00a0\u00bb ont \u00e9galement a re\u00e7u avec la m\u00e9daille de bronze.<\/p>\n","protected":false},"excerpt":{"rendered":"<p>En 2008, Pago \u00ab\u00a0Los Vivales\u00a0\u00bb a \u00e9t\u00e9 r\u00e9compens\u00e9 par le Cincho de plata (argent) dans la cat\u00e9gorie des Fromages de brebis affin\u00e9s au lait cru. En 2010, Pago \u00ab\u00a0Los Vivales\u00a0\u00bb a re\u00e7u la distinction Botiguero de Oro (or) dans la cat\u00e9gorie Quesos Madurez (fromages affin\u00e9s). D\u00e9but 2011, les fromages de Pago \u00ab\u00a0Los Vivales\u00a0\u00bb sont \u00e0&#8230; <\/p>\n<div class=\"clear\"><\/div>\n<p><a href=\"https:\/\/www.pagolosvivales.com\/fr\/prix\/\" class=\"excerpt-read-more\">Read More<\/a><\/p>\n","protected":false},"author":1,"featured_media":0,"parent":0,"menu_order":0,"comment_status":"closed","ping_status":"closed","template":"","meta":{"_acf_changed":false,"footnotes":""},"class_list":["post-5060","page","type-page","status-publish","hentry"],"acf":[],"yoast_head":"<!-- This site is optimized with the Yoast SEO plugin v27.4 - https:\/\/yoast.com\/product\/yoast-seo-wordpress\/ -->\n<title>Prix - Queso de Oveja Pago &quot;Los Vivales&quot; - Leche Cruda<\/title>\n<meta name=\"description\" content=\"Secci\u00f3n donde se informa de todos los premios conseguidos por Pagos los vivales a lo largo de los a\u00f1os, desde 2008 hasta la actualidad.\" \/>\n<meta name=\"robots\" content=\"index, follow, max-snippet:-1, max-image-preview:large, max-video-preview:-1\" \/>\n<link rel=\"canonical\" href=\"https:\/\/www.pagolosvivales.com\/fr\/prix\/\" \/>\n<meta property=\"og:locale\" content=\"fr_FR\" \/>\n<meta property=\"og:type\" content=\"article\" \/>\n<meta property=\"og:title\" content=\"Prix - Queso de Oveja Pago &quot;Los Vivales&quot; - Leche Cruda\" \/>\n<meta property=\"og:description\" content=\"Secci\u00f3n donde se informa de todos los premios conseguidos por Pagos los vivales a lo largo de los a\u00f1os, desde 2008 hasta la actualidad.\" \/>\n<meta property=\"og:url\" content=\"https:\/\/www.pagolosvivales.com\/fr\/prix\/\" \/>\n<meta property=\"og:site_name\" content=\"Queso de Oveja Pago &quot;Los Vivales&quot;\" \/>\n<meta property=\"article:modified_time\" content=\"2025-11-18T16:40:53+00:00\" \/>\n<meta property=\"og:image\" content=\"https:\/\/www.pagolosvivales.com\/wp-content\/uploads\/2019\/02\/Premios_2018_INGLES_MITAD_2.png\" \/>\n\t<meta property=\"og:image:width\" content=\"800\" \/>\n\t<meta property=\"og:image:height\" content=\"1173\" \/>\n\t<meta property=\"og:image:type\" content=\"image\/png\" \/>\n<meta name=\"twitter:card\" content=\"summary_large_image\" \/>\n<meta name=\"twitter:label1\" content=\"Dur\u00e9e de lecture estim\u00e9e\" \/>\n\t<meta name=\"twitter:data1\" content=\"2 minutes\" \/>\n<script type=\"application\/ld+json\" class=\"yoast-schema-graph\">{\"@context\":\"https:\\\/\\\/schema.org\",\"@graph\":[{\"@type\":\"WebPage\",\"@id\":\"https:\\\/\\\/www.pagolosvivales.com\\\/fr\\\/prix\\\/\",\"url\":\"https:\\\/\\\/www.pagolosvivales.com\\\/fr\\\/prix\\\/\",\"name\":\"Prix - Queso de Oveja Pago &quot;Los Vivales&quot; - Leche Cruda\",\"isPartOf\":{\"@id\":\"https:\\\/\\\/www.pagolosvivales.com\\\/fr\\\/#website\"},\"primaryImageOfPage\":{\"@id\":\"https:\\\/\\\/www.pagolosvivales.com\\\/fr\\\/prix\\\/#primaryimage\"},\"image\":{\"@id\":\"https:\\\/\\\/www.pagolosvivales.com\\\/fr\\\/prix\\\/#primaryimage\"},\"thumbnailUrl\":\"https:\\\/\\\/www.pagolosvivales.com\\\/wp-content\\\/uploads\\\/2025\\\/11\\\/Premios_2025_MITAD_4_EN-2.png\",\"datePublished\":\"2018-12-26T12:42:27+00:00\",\"dateModified\":\"2025-11-18T16:40:53+00:00\",\"description\":\"Secci\u00f3n donde se informa de todos los premios conseguidos por Pagos los vivales a lo largo de los a\u00f1os, desde 2008 hasta la actualidad.\",\"breadcrumb\":{\"@id\":\"https:\\\/\\\/www.pagolosvivales.com\\\/fr\\\/prix\\\/#breadcrumb\"},\"inLanguage\":\"fr-FR\",\"potentialAction\":[{\"@type\":\"ReadAction\",\"target\":[\"https:\\\/\\\/www.pagolosvivales.com\\\/fr\\\/prix\\\/\"]}]},{\"@type\":\"ImageObject\",\"inLanguage\":\"fr-FR\",\"@id\":\"https:\\\/\\\/www.pagolosvivales.com\\\/fr\\\/prix\\\/#primaryimage\",\"url\":\"https:\\\/\\\/www.pagolosvivales.com\\\/wp-content\\\/uploads\\\/2025\\\/11\\\/Premios_2025_MITAD_4_EN-2.png\",\"contentUrl\":\"https:\\\/\\\/www.pagolosvivales.com\\\/wp-content\\\/uploads\\\/2025\\\/11\\\/Premios_2025_MITAD_4_EN-2.png\"},{\"@type\":\"BreadcrumbList\",\"@id\":\"https:\\\/\\\/www.pagolosvivales.com\\\/fr\\\/prix\\\/#breadcrumb\",\"itemListElement\":[{\"@type\":\"ListItem\",\"position\":1,\"name\":\"Portada\",\"item\":\"https:\\\/\\\/www.pagolosvivales.com\\\/fr\\\/\"},{\"@type\":\"ListItem\",\"position\":2,\"name\":\"Prix\"}]},{\"@type\":\"WebSite\",\"@id\":\"https:\\\/\\\/www.pagolosvivales.com\\\/fr\\\/#website\",\"url\":\"https:\\\/\\\/www.pagolosvivales.com\\\/fr\\\/\",\"name\":\"Queso de Oveja Pago &quot;Los Vivales&quot;\",\"description\":\"Baltasar Moralejo e Hijos\",\"potentialAction\":[{\"@type\":\"SearchAction\",\"target\":{\"@type\":\"EntryPoint\",\"urlTemplate\":\"https:\\\/\\\/www.pagolosvivales.com\\\/fr\\\/?s={search_term_string}\"},\"query-input\":{\"@type\":\"PropertyValueSpecification\",\"valueRequired\":true,\"valueName\":\"search_term_string\"}}],\"inLanguage\":\"fr-FR\"}]}<\/script>\n<!-- \/ Yoast SEO plugin. -->","yoast_head_json":{"title":"Prix - Queso de Oveja Pago &quot;Los Vivales&quot; - Leche Cruda","description":"Secci\u00f3n donde se informa de todos los premios conseguidos por Pagos los vivales a lo largo de los a\u00f1os, desde 2008 hasta la actualidad.","robots":{"index":"index","follow":"follow","max-snippet":"max-snippet:-1","max-image-preview":"max-image-preview:large","max-video-preview":"max-video-preview:-1"},"canonical":"https:\/\/www.pagolosvivales.com\/fr\/prix\/","og_locale":"fr_FR","og_type":"article","og_title":"Prix - Queso de Oveja Pago &quot;Los Vivales&quot; - Leche Cruda","og_description":"Secci\u00f3n donde se informa de todos los premios conseguidos por Pagos los vivales a lo largo de los a\u00f1os, desde 2008 hasta la actualidad.","og_url":"https:\/\/www.pagolosvivales.com\/fr\/prix\/","og_site_name":"Queso de Oveja Pago &quot;Los Vivales&quot;","article_modified_time":"2025-11-18T16:40:53+00:00","og_image":[{"width":800,"height":1173,"url":"https:\/\/www.pagolosvivales.com\/wp-content\/uploads\/2019\/02\/Premios_2018_INGLES_MITAD_2.png","type":"image\/png"}],"twitter_card":"summary_large_image","twitter_misc":{"Dur\u00e9e de lecture estim\u00e9e":"2 minutes"},"schema":{"@context":"https:\/\/schema.org","@graph":[{"@type":"WebPage","@id":"https:\/\/www.pagolosvivales.com\/fr\/prix\/","url":"https:\/\/www.pagolosvivales.com\/fr\/prix\/","name":"Prix - Queso de Oveja Pago &quot;Los Vivales&quot; - Leche Cruda","isPartOf":{"@id":"https:\/\/www.pagolosvivales.com\/fr\/#website"},"primaryImageOfPage":{"@id":"https:\/\/www.pagolosvivales.com\/fr\/prix\/#primaryimage"},"image":{"@id":"https:\/\/www.pagolosvivales.com\/fr\/prix\/#primaryimage"},"thumbnailUrl":"https:\/\/www.pagolosvivales.com\/wp-content\/uploads\/2025\/11\/Premios_2025_MITAD_4_EN-2.png","datePublished":"2018-12-26T12:42:27+00:00","dateModified":"2025-11-18T16:40:53+00:00","description":"Secci\u00f3n donde se informa de todos los premios conseguidos por Pagos los vivales a lo largo de los a\u00f1os, desde 2008 hasta la actualidad.","breadcrumb":{"@id":"https:\/\/www.pagolosvivales.com\/fr\/prix\/#breadcrumb"},"inLanguage":"fr-FR","potentialAction":[{"@type":"ReadAction","target":["https:\/\/www.pagolosvivales.com\/fr\/prix\/"]}]},{"@type":"ImageObject","inLanguage":"fr-FR","@id":"https:\/\/www.pagolosvivales.com\/fr\/prix\/#primaryimage","url":"https:\/\/www.pagolosvivales.com\/wp-content\/uploads\/2025\/11\/Premios_2025_MITAD_4_EN-2.png","contentUrl":"https:\/\/www.pagolosvivales.com\/wp-content\/uploads\/2025\/11\/Premios_2025_MITAD_4_EN-2.png"},{"@type":"BreadcrumbList","@id":"https:\/\/www.pagolosvivales.com\/fr\/prix\/#breadcrumb","itemListElement":[{"@type":"ListItem","position":1,"name":"Portada","item":"https:\/\/www.pagolosvivales.com\/fr\/"},{"@type":"ListItem","position":2,"name":"Prix"}]},{"@type":"WebSite","@id":"https:\/\/www.pagolosvivales.com\/fr\/#website","url":"https:\/\/www.pagolosvivales.com\/fr\/","name":"Queso de Oveja Pago &quot;Los Vivales&quot;","description":"Baltasar Moralejo e Hijos","potentialAction":[{"@type":"SearchAction","target":{"@type":"EntryPoint","urlTemplate":"https:\/\/www.pagolosvivales.com\/fr\/?s={search_term_string}"},"query-input":{"@type":"PropertyValueSpecification","valueRequired":true,"valueName":"search_term_string"}}],"inLanguage":"fr-FR"}]}},"_links":{"self":[{"href":"https:\/\/www.pagolosvivales.com\/fr\/wp-json\/wp\/v2\/pages\/5060","targetHints":{"allow":["GET"]}}],"collection":[{"href":"https:\/\/www.pagolosvivales.com\/fr\/wp-json\/wp\/v2\/pages"}],"about":[{"href":"https:\/\/www.pagolosvivales.com\/fr\/wp-json\/wp\/v2\/types\/page"}],"author":[{"embeddable":true,"href":"https:\/\/www.pagolosvivales.com\/fr\/wp-json\/wp\/v2\/users\/1"}],"replies":[{"embeddable":true,"href":"https:\/\/www.pagolosvivales.com\/fr\/wp-json\/wp\/v2\/comments?post=5060"}],"version-history":[{"count":9,"href":"https:\/\/www.pagolosvivales.com\/fr\/wp-json\/wp\/v2\/pages\/5060\/revisions"}],"predecessor-version":[{"id":25830,"href":"https:\/\/www.pagolosvivales.com\/fr\/wp-json\/wp\/v2\/pages\/5060\/revisions\/25830"}],"wp:attachment":[{"href":"https:\/\/www.pagolosvivales.com\/fr\/wp-json\/wp\/v2\/media?parent=5060"}],"curies":[{"name":"wp","href":"https:\/\/api.w.org\/{rel}","templated":true}]}}