{"id":4838,"date":"2018-12-19T11:58:57","date_gmt":"2018-12-19T11:58:57","guid":{"rendered":"http:\/\/vivales.questiondeimagen.com\/elaboration\/"},"modified":"2019-01-28T09:06:00","modified_gmt":"2019-01-28T09:06:00","slug":"elaboration","status":"publish","type":"page","link":"https:\/\/www.pagolosvivales.com\/fr\/elaboration\/","title":{"rendered":"\u00c9laboration"},"content":{"rendered":"<p><img loading=\"lazy\" decoding=\"async\" class=\"alignright wp-image-4219 size-full\" src=\"https:\/\/www.pagolosvivales.com\/wp-content\/uploads\/2018\/10\/elaboracion.png\" alt=\"\" width=\"511\" height=\"346\" srcset=\"https:\/\/www.pagolosvivales.com\/wp-content\/uploads\/2018\/10\/elaboracion.png 511w, https:\/\/www.pagolosvivales.com\/wp-content\/uploads\/2018\/10\/elaboracion-300x203.png 300w\" sizes=\"auto, (max-width: 511px) 100vw, 511px\" \/>Nous sommes en mesure de garantir la <strong>tra\u00e7abilit\u00e9<\/strong> du produit ; cela signifie que nous avons le contr\u00f4le absolu de tout le processus, depuis la fabrication des aliments que consomme notre \u00e9levage, en passant par l&rsquo;\u00e9levage de notre b\u00e9tail, le processus de traite et post\u00e9rieurement l&rsquo;\u00e9laboration du produit final, notre fromage.<\/p>\n<h2>NOTRE FROMAGE<\/h2>\n<p>Le contr\u00f4le et la r\u00e9gularit\u00e9 de tout le processus nous offrent un produit <strong>homog\u00e8ne<\/strong> tout au long de l&rsquo;ann\u00e9e. Il se pr\u00e9sente en unit\u00e9s de 3,2 et 1,2 Kg.<\/p>\n<p><strong>Pourquoi du lait cru de brebis ?<\/strong> Parce qu&rsquo;en contr\u00f4lant l&rsquo;\u00e9levage, l&rsquo;alimentation et la production nous pouvons garantir la qualit\u00e9 de notre lait, sans avoir \u00e0 recourir \u00e0 la pasteurisation, et conserver toutes les <strong>qualit\u00e9s originales du meilleur lait<\/strong>.<br \/>\nUn fromage avec une fine couche de cro\u00fbte et p\u00e0tes texture fondante et une saveur aromatique et nettoyer reposer dans notre salle de maturation, o\u00f9 il est conserv\u00e9 \u00e0 une temp\u00e9rature et humidit\u00e9 id\u00e9ales, pour ensuite \u00eatre mis sur le march\u00e9, finalisant ainsi le processus d&rsquo;\u00e9laboration d&rsquo;un <strong>fromage d&rsquo;une excellente qualit\u00e9<\/strong>.<\/p>\n","protected":false},"excerpt":{"rendered":"<p>Nous sommes en mesure de garantir la tra\u00e7abilit\u00e9 du produit ; cela signifie que nous avons le contr\u00f4le absolu de tout le processus, depuis la fabrication des aliments que consomme notre \u00e9levage, en passant par l&rsquo;\u00e9levage de notre b\u00e9tail, le processus de traite et post\u00e9rieurement l&rsquo;\u00e9laboration du produit final, notre fromage. NOTRE FROMAGE Le contr\u00f4le&#8230; <\/p>\n<div class=\"clear\"><\/div>\n<p><a href=\"https:\/\/www.pagolosvivales.com\/fr\/elaboration\/\" class=\"excerpt-read-more\">Read More<\/a><\/p>\n","protected":false},"author":1,"featured_media":0,"parent":0,"menu_order":0,"comment_status":"closed","ping_status":"closed","template":"","meta":{"_acf_changed":false,"footnotes":""},"class_list":["post-4838","page","type-page","status-publish","hentry"],"acf":[],"yoast_head":"<!-- This site is optimized with the Yoast SEO plugin v27.3 - https:\/\/yoast.com\/product\/yoast-seo-wordpress\/ -->\n<title>\u00c9laboration de Queso de Oveja Pago &quot;Los Vivales&quot; - Leche cruda<\/title>\n<meta name=\"description\" content=\"En Pago los vivales, podemos garantizar la trazabilidad del producto; esto significa que tenemos el control absoluto de todo el proceso.\" \/>\n<meta name=\"robots\" content=\"index, follow, max-snippet:-1, max-image-preview:large, max-video-preview:-1\" \/>\n<link rel=\"canonical\" href=\"https:\/\/www.pagolosvivales.com\/fr\/elaboration\/\" \/>\n<meta property=\"og:locale\" content=\"fr_FR\" \/>\n<meta property=\"og:type\" content=\"article\" \/>\n<meta property=\"og:title\" content=\"\u00c9laboration de Queso de Oveja Pago &quot;Los Vivales&quot; - Leche cruda\" \/>\n<meta property=\"og:description\" content=\"En Pago los vivales, podemos garantizar la trazabilidad del producto; esto significa que tenemos el control absoluto de todo el proceso.\" \/>\n<meta property=\"og:url\" content=\"https:\/\/www.pagolosvivales.com\/fr\/elaboration\/\" \/>\n<meta property=\"og:site_name\" content=\"Queso de Oveja Pago &quot;Los Vivales&quot;\" \/>\n<meta property=\"article:modified_time\" content=\"2019-01-28T09:06:00+00:00\" \/>\n<meta property=\"og:image\" content=\"https:\/\/www.pagolosvivales.com\/wp-content\/uploads\/2018\/10\/elaboracion.png\" \/>\n<meta name=\"twitter:card\" content=\"summary_large_image\" \/>\n<meta name=\"twitter:label1\" content=\"Dur\u00e9e de lecture estim\u00e9e\" \/>\n\t<meta name=\"twitter:data1\" content=\"1 minute\" \/>\n<script type=\"application\/ld+json\" class=\"yoast-schema-graph\">{\"@context\":\"https:\\\/\\\/schema.org\",\"@graph\":[{\"@type\":\"WebPage\",\"@id\":\"https:\\\/\\\/www.pagolosvivales.com\\\/fr\\\/elaboration\\\/\",\"url\":\"https:\\\/\\\/www.pagolosvivales.com\\\/fr\\\/elaboration\\\/\",\"name\":\"\u00c9laboration de Queso de Oveja Pago &quot;Los Vivales&quot; - Leche cruda\",\"isPartOf\":{\"@id\":\"https:\\\/\\\/www.pagolosvivales.com\\\/fr\\\/#website\"},\"primaryImageOfPage\":{\"@id\":\"https:\\\/\\\/www.pagolosvivales.com\\\/fr\\\/elaboration\\\/#primaryimage\"},\"image\":{\"@id\":\"https:\\\/\\\/www.pagolosvivales.com\\\/fr\\\/elaboration\\\/#primaryimage\"},\"thumbnailUrl\":\"https:\\\/\\\/www.pagolosvivales.com\\\/wp-content\\\/uploads\\\/2018\\\/10\\\/elaboracion.png\",\"datePublished\":\"2018-12-19T11:58:57+00:00\",\"dateModified\":\"2019-01-28T09:06:00+00:00\",\"description\":\"En Pago los vivales, podemos garantizar la trazabilidad del producto; esto significa que tenemos el control absoluto de todo el proceso.\",\"breadcrumb\":{\"@id\":\"https:\\\/\\\/www.pagolosvivales.com\\\/fr\\\/elaboration\\\/#breadcrumb\"},\"inLanguage\":\"fr-FR\",\"potentialAction\":[{\"@type\":\"ReadAction\",\"target\":[\"https:\\\/\\\/www.pagolosvivales.com\\\/fr\\\/elaboration\\\/\"]}]},{\"@type\":\"ImageObject\",\"inLanguage\":\"fr-FR\",\"@id\":\"https:\\\/\\\/www.pagolosvivales.com\\\/fr\\\/elaboration\\\/#primaryimage\",\"url\":\"https:\\\/\\\/www.pagolosvivales.com\\\/wp-content\\\/uploads\\\/2018\\\/10\\\/elaboracion.png\",\"contentUrl\":\"https:\\\/\\\/www.pagolosvivales.com\\\/wp-content\\\/uploads\\\/2018\\\/10\\\/elaboracion.png\"},{\"@type\":\"BreadcrumbList\",\"@id\":\"https:\\\/\\\/www.pagolosvivales.com\\\/fr\\\/elaboration\\\/#breadcrumb\",\"itemListElement\":[{\"@type\":\"ListItem\",\"position\":1,\"name\":\"Portada\",\"item\":\"https:\\\/\\\/www.pagolosvivales.com\\\/fr\\\/\"},{\"@type\":\"ListItem\",\"position\":2,\"name\":\"\u00c9laboration\"}]},{\"@type\":\"WebSite\",\"@id\":\"https:\\\/\\\/www.pagolosvivales.com\\\/fr\\\/#website\",\"url\":\"https:\\\/\\\/www.pagolosvivales.com\\\/fr\\\/\",\"name\":\"Queso de Oveja Pago &quot;Los Vivales&quot;\",\"description\":\"Baltasar Moralejo e Hijos\",\"potentialAction\":[{\"@type\":\"SearchAction\",\"target\":{\"@type\":\"EntryPoint\",\"urlTemplate\":\"https:\\\/\\\/www.pagolosvivales.com\\\/fr\\\/?s={search_term_string}\"},\"query-input\":{\"@type\":\"PropertyValueSpecification\",\"valueRequired\":true,\"valueName\":\"search_term_string\"}}],\"inLanguage\":\"fr-FR\"}]}<\/script>\n<!-- \/ Yoast SEO plugin. -->","yoast_head_json":{"title":"\u00c9laboration de Queso de Oveja Pago &quot;Los Vivales&quot; - Leche cruda","description":"En Pago los vivales, podemos garantizar la trazabilidad del producto; esto significa que tenemos el control absoluto de todo el proceso.","robots":{"index":"index","follow":"follow","max-snippet":"max-snippet:-1","max-image-preview":"max-image-preview:large","max-video-preview":"max-video-preview:-1"},"canonical":"https:\/\/www.pagolosvivales.com\/fr\/elaboration\/","og_locale":"fr_FR","og_type":"article","og_title":"\u00c9laboration de Queso de Oveja Pago &quot;Los Vivales&quot; - Leche cruda","og_description":"En Pago los vivales, podemos garantizar la trazabilidad del producto; esto significa que tenemos el control absoluto de todo el proceso.","og_url":"https:\/\/www.pagolosvivales.com\/fr\/elaboration\/","og_site_name":"Queso de Oveja Pago &quot;Los Vivales&quot;","article_modified_time":"2019-01-28T09:06:00+00:00","og_image":[{"url":"https:\/\/www.pagolosvivales.com\/wp-content\/uploads\/2018\/10\/elaboracion.png","type":"","width":"","height":""}],"twitter_card":"summary_large_image","twitter_misc":{"Dur\u00e9e de lecture estim\u00e9e":"1 minute"},"schema":{"@context":"https:\/\/schema.org","@graph":[{"@type":"WebPage","@id":"https:\/\/www.pagolosvivales.com\/fr\/elaboration\/","url":"https:\/\/www.pagolosvivales.com\/fr\/elaboration\/","name":"\u00c9laboration de Queso de Oveja Pago &quot;Los Vivales&quot; - Leche cruda","isPartOf":{"@id":"https:\/\/www.pagolosvivales.com\/fr\/#website"},"primaryImageOfPage":{"@id":"https:\/\/www.pagolosvivales.com\/fr\/elaboration\/#primaryimage"},"image":{"@id":"https:\/\/www.pagolosvivales.com\/fr\/elaboration\/#primaryimage"},"thumbnailUrl":"https:\/\/www.pagolosvivales.com\/wp-content\/uploads\/2018\/10\/elaboracion.png","datePublished":"2018-12-19T11:58:57+00:00","dateModified":"2019-01-28T09:06:00+00:00","description":"En Pago los vivales, podemos garantizar la trazabilidad del producto; esto significa que tenemos el control absoluto de todo el proceso.","breadcrumb":{"@id":"https:\/\/www.pagolosvivales.com\/fr\/elaboration\/#breadcrumb"},"inLanguage":"fr-FR","potentialAction":[{"@type":"ReadAction","target":["https:\/\/www.pagolosvivales.com\/fr\/elaboration\/"]}]},{"@type":"ImageObject","inLanguage":"fr-FR","@id":"https:\/\/www.pagolosvivales.com\/fr\/elaboration\/#primaryimage","url":"https:\/\/www.pagolosvivales.com\/wp-content\/uploads\/2018\/10\/elaboracion.png","contentUrl":"https:\/\/www.pagolosvivales.com\/wp-content\/uploads\/2018\/10\/elaboracion.png"},{"@type":"BreadcrumbList","@id":"https:\/\/www.pagolosvivales.com\/fr\/elaboration\/#breadcrumb","itemListElement":[{"@type":"ListItem","position":1,"name":"Portada","item":"https:\/\/www.pagolosvivales.com\/fr\/"},{"@type":"ListItem","position":2,"name":"\u00c9laboration"}]},{"@type":"WebSite","@id":"https:\/\/www.pagolosvivales.com\/fr\/#website","url":"https:\/\/www.pagolosvivales.com\/fr\/","name":"Queso de Oveja Pago &quot;Los Vivales&quot;","description":"Baltasar Moralejo e Hijos","potentialAction":[{"@type":"SearchAction","target":{"@type":"EntryPoint","urlTemplate":"https:\/\/www.pagolosvivales.com\/fr\/?s={search_term_string}"},"query-input":{"@type":"PropertyValueSpecification","valueRequired":true,"valueName":"search_term_string"}}],"inLanguage":"fr-FR"}]}},"_links":{"self":[{"href":"https:\/\/www.pagolosvivales.com\/fr\/wp-json\/wp\/v2\/pages\/4838","targetHints":{"allow":["GET"]}}],"collection":[{"href":"https:\/\/www.pagolosvivales.com\/fr\/wp-json\/wp\/v2\/pages"}],"about":[{"href":"https:\/\/www.pagolosvivales.com\/fr\/wp-json\/wp\/v2\/types\/page"}],"author":[{"embeddable":true,"href":"https:\/\/www.pagolosvivales.com\/fr\/wp-json\/wp\/v2\/users\/1"}],"replies":[{"embeddable":true,"href":"https:\/\/www.pagolosvivales.com\/fr\/wp-json\/wp\/v2\/comments?post=4838"}],"version-history":[{"count":0,"href":"https:\/\/www.pagolosvivales.com\/fr\/wp-json\/wp\/v2\/pages\/4838\/revisions"}],"wp:attachment":[{"href":"https:\/\/www.pagolosvivales.com\/fr\/wp-json\/wp\/v2\/media?parent=4838"}],"curies":[{"name":"wp","href":"https:\/\/api.w.org\/{rel}","templated":true}]}}