{"id":4817,"date":"2019-01-11T09:54:03","date_gmt":"2019-01-11T09:54:03","guid":{"rendered":"http:\/\/vivales.questiondeimagen.com\/?page_id=4817"},"modified":"2023-12-05T16:15:18","modified_gmt":"2023-12-05T15:15:18","slug":"elevage","status":"publish","type":"page","link":"https:\/\/www.pagolosvivales.com\/fr\/elevage\/","title":{"rendered":"\u00c9levage"},"content":{"rendered":"<p><strong>Pago \u00ab\u00a0Los Vivales\u00a0\u00bb<\/strong> est une ferme de 120.000 m2 situ\u00e9 au nord-ouest de Castilla y Le\u00f3n (Espagne) dans la ville de Coreses province de Zamora.<\/p>\n<p><strong>4.000 brebis<\/strong> productrices de lait, constamment contr\u00f4l\u00e9es pour obtenir un produit de la meilleure qualit\u00e9.<\/p>\n<p><img loading=\"lazy\" decoding=\"async\" class=\"size-full wp-image-19658 aligncenter\" title=\"Pago Los Vivales\" src=\"https:\/\/www.pagolosvivales.com\/wp-content\/uploads\/2023\/12\/ganaderia_pagolosvivales.jpg\" alt=\"Pago Los Vivales\" width=\"760\" height=\"570\" srcset=\"https:\/\/www.pagolosvivales.com\/wp-content\/uploads\/2023\/12\/ganaderia_pagolosvivales.jpg 760w, https:\/\/www.pagolosvivales.com\/wp-content\/uploads\/2023\/12\/ganaderia_pagolosvivales-300x225.jpg 300w, https:\/\/www.pagolosvivales.com\/wp-content\/uploads\/2023\/12\/ganaderia_pagolosvivales-600x450.jpg 600w\" sizes=\"auto, (max-width: 760px) 100vw, 760px\" \/><\/p>\n<h2>ALIMENTATION DES ANIMAUX \u00ab\u00a0\u00c0 LA CARTE\u00a0\u00bb<\/h2>\n<p>L&rsquo;alimentation est \u00e9labor\u00e9e dans la ferme et se compose d&rsquo;orge, de luzerne, de ma\u00efs, de soja et de paille. Tous ces produits sont analys\u00e9s en vue de garantir leur qualit\u00e9.<br \/>\nSelon la p\u00e9riode de gestation et de production, diff\u00e9rents m\u00e9langes sont \u00e9labor\u00e9s pour obtenir la ration ad\u00e9quate.<\/p>\n<h2>BIEN-\u00caTRE DES ANIMAUX<\/h2>\n<p>Les mangeoires sont approvisionn\u00e9es en permanence pour que les brebis soient dans un \u00e9tat de calme et de tranquillit\u00e9, ce qui se traduit par leur bien-\u00eatre.<\/p>\n<h2>CONTR\u00d4LES SANITAIRES<\/h2>\n<p>Notre propre \u00e9quipe de v\u00e9t\u00e9rinaires contr\u00f4le minutieusement l&rsquo;\u00e9tat de sant\u00e9 de nos brebis gr\u00e0ce \u00e0 un programme sanitaire strict, garantissant ainsi la qualit\u00e9 de la production de lait.<\/p>\n","protected":false},"excerpt":{"rendered":"<p>Pago \u00ab\u00a0Los Vivales\u00a0\u00bb est une ferme de 120.000 m2 situ\u00e9 au nord-ouest de Castilla y Le\u00f3n (Espagne) dans la ville de Coreses province de Zamora. 4.000 brebis productrices de lait, constamment contr\u00f4l\u00e9es pour obtenir un produit de la meilleure qualit\u00e9. ALIMENTATION DES ANIMAUX \u00ab\u00a0\u00c0 LA CARTE\u00a0\u00bb L&rsquo;alimentation est \u00e9labor\u00e9e dans la ferme et se compose&#8230; <\/p>\n<div class=\"clear\"><\/div>\n<p><a href=\"https:\/\/www.pagolosvivales.com\/fr\/elevage\/\" class=\"excerpt-read-more\">Read More<\/a><\/p>\n","protected":false},"author":1,"featured_media":4214,"parent":0,"menu_order":0,"comment_status":"closed","ping_status":"closed","template":"","meta":{"_acf_changed":false,"footnotes":""},"class_list":["post-4817","page","type-page","status-publish","has-post-thumbnail","hentry"],"acf":[],"yoast_head":"<!-- This site is optimized with the Yoast SEO plugin v27.3 - https:\/\/yoast.com\/product\/yoast-seo-wordpress\/ -->\n<title>\u00c9levage de Queso de Oveja Pago &quot;Los Vivales&quot; - Leche cruda<\/title>\n<meta name=\"description\" content=\"Tenemos 4.000 ovejas productoras de leche, con un constante control de selecci\u00f3n para obtener la mejor calidad del producto.\" \/>\n<meta name=\"robots\" content=\"index, follow, max-snippet:-1, max-image-preview:large, max-video-preview:-1\" \/>\n<link rel=\"canonical\" href=\"https:\/\/www.pagolosvivales.com\/fr\/elevage\/\" \/>\n<meta property=\"og:locale\" content=\"fr_FR\" \/>\n<meta property=\"og:type\" content=\"article\" \/>\n<meta property=\"og:title\" content=\"\u00c9levage de Queso de Oveja Pago &quot;Los Vivales&quot; - Leche cruda\" \/>\n<meta property=\"og:description\" content=\"Tenemos 4.000 ovejas productoras de leche, con un constante control de selecci\u00f3n para obtener la mejor calidad del producto.\" \/>\n<meta property=\"og:url\" content=\"https:\/\/www.pagolosvivales.com\/fr\/elevage\/\" \/>\n<meta property=\"og:site_name\" content=\"Queso de Oveja Pago &quot;Los Vivales&quot;\" \/>\n<meta property=\"article:modified_time\" content=\"2023-12-05T15:15:18+00:00\" \/>\n<meta property=\"og:image\" content=\"https:\/\/www.pagolosvivales.com\/wp-content\/uploads\/2018\/10\/PagoLosVivales.png\" \/>\n\t<meta property=\"og:image:width\" content=\"739\" \/>\n\t<meta property=\"og:image:height\" content=\"369\" \/>\n\t<meta property=\"og:image:type\" content=\"image\/png\" \/>\n<meta name=\"twitter:card\" content=\"summary_large_image\" \/>\n<meta name=\"twitter:label1\" content=\"Dur\u00e9e de lecture estim\u00e9e\" \/>\n\t<meta name=\"twitter:data1\" content=\"1 minute\" \/>\n<script type=\"application\/ld+json\" class=\"yoast-schema-graph\">{\"@context\":\"https:\\\/\\\/schema.org\",\"@graph\":[{\"@type\":\"WebPage\",\"@id\":\"https:\\\/\\\/www.pagolosvivales.com\\\/fr\\\/elevage\\\/\",\"url\":\"https:\\\/\\\/www.pagolosvivales.com\\\/fr\\\/elevage\\\/\",\"name\":\"\u00c9levage de Queso de Oveja Pago &quot;Los Vivales&quot; - Leche cruda\",\"isPartOf\":{\"@id\":\"https:\\\/\\\/www.pagolosvivales.com\\\/fr\\\/#website\"},\"primaryImageOfPage\":{\"@id\":\"https:\\\/\\\/www.pagolosvivales.com\\\/fr\\\/elevage\\\/#primaryimage\"},\"image\":{\"@id\":\"https:\\\/\\\/www.pagolosvivales.com\\\/fr\\\/elevage\\\/#primaryimage\"},\"thumbnailUrl\":\"https:\\\/\\\/www.pagolosvivales.com\\\/wp-content\\\/uploads\\\/2018\\\/10\\\/PagoLosVivales.png\",\"datePublished\":\"2019-01-11T09:54:03+00:00\",\"dateModified\":\"2023-12-05T15:15:18+00:00\",\"description\":\"Tenemos 4.000 ovejas productoras de leche, con un constante control de selecci\u00f3n para obtener la mejor calidad del producto.\",\"breadcrumb\":{\"@id\":\"https:\\\/\\\/www.pagolosvivales.com\\\/fr\\\/elevage\\\/#breadcrumb\"},\"inLanguage\":\"fr-FR\",\"potentialAction\":[{\"@type\":\"ReadAction\",\"target\":[\"https:\\\/\\\/www.pagolosvivales.com\\\/fr\\\/elevage\\\/\"]}]},{\"@type\":\"ImageObject\",\"inLanguage\":\"fr-FR\",\"@id\":\"https:\\\/\\\/www.pagolosvivales.com\\\/fr\\\/elevage\\\/#primaryimage\",\"url\":\"https:\\\/\\\/www.pagolosvivales.com\\\/wp-content\\\/uploads\\\/2018\\\/10\\\/PagoLosVivales.png\",\"contentUrl\":\"https:\\\/\\\/www.pagolosvivales.com\\\/wp-content\\\/uploads\\\/2018\\\/10\\\/PagoLosVivales.png\",\"width\":739,\"height\":369,\"caption\":\"\u00c9levage\"},{\"@type\":\"BreadcrumbList\",\"@id\":\"https:\\\/\\\/www.pagolosvivales.com\\\/fr\\\/elevage\\\/#breadcrumb\",\"itemListElement\":[{\"@type\":\"ListItem\",\"position\":1,\"name\":\"Portada\",\"item\":\"https:\\\/\\\/www.pagolosvivales.com\\\/fr\\\/\"},{\"@type\":\"ListItem\",\"position\":2,\"name\":\"\u00c9levage\"}]},{\"@type\":\"WebSite\",\"@id\":\"https:\\\/\\\/www.pagolosvivales.com\\\/fr\\\/#website\",\"url\":\"https:\\\/\\\/www.pagolosvivales.com\\\/fr\\\/\",\"name\":\"Queso de Oveja Pago &quot;Los Vivales&quot;\",\"description\":\"Baltasar Moralejo e Hijos\",\"potentialAction\":[{\"@type\":\"SearchAction\",\"target\":{\"@type\":\"EntryPoint\",\"urlTemplate\":\"https:\\\/\\\/www.pagolosvivales.com\\\/fr\\\/?s={search_term_string}\"},\"query-input\":{\"@type\":\"PropertyValueSpecification\",\"valueRequired\":true,\"valueName\":\"search_term_string\"}}],\"inLanguage\":\"fr-FR\"}]}<\/script>\n<!-- \/ Yoast SEO plugin. -->","yoast_head_json":{"title":"\u00c9levage de Queso de Oveja Pago &quot;Los Vivales&quot; - Leche cruda","description":"Tenemos 4.000 ovejas productoras de leche, con un constante control de selecci\u00f3n para obtener la mejor calidad del producto.","robots":{"index":"index","follow":"follow","max-snippet":"max-snippet:-1","max-image-preview":"max-image-preview:large","max-video-preview":"max-video-preview:-1"},"canonical":"https:\/\/www.pagolosvivales.com\/fr\/elevage\/","og_locale":"fr_FR","og_type":"article","og_title":"\u00c9levage de Queso de Oveja Pago &quot;Los Vivales&quot; - Leche cruda","og_description":"Tenemos 4.000 ovejas productoras de leche, con un constante control de selecci\u00f3n para obtener la mejor calidad del producto.","og_url":"https:\/\/www.pagolosvivales.com\/fr\/elevage\/","og_site_name":"Queso de Oveja Pago &quot;Los Vivales&quot;","article_modified_time":"2023-12-05T15:15:18+00:00","og_image":[{"width":739,"height":369,"url":"https:\/\/www.pagolosvivales.com\/wp-content\/uploads\/2018\/10\/PagoLosVivales.png","type":"image\/png"}],"twitter_card":"summary_large_image","twitter_misc":{"Dur\u00e9e de lecture estim\u00e9e":"1 minute"},"schema":{"@context":"https:\/\/schema.org","@graph":[{"@type":"WebPage","@id":"https:\/\/www.pagolosvivales.com\/fr\/elevage\/","url":"https:\/\/www.pagolosvivales.com\/fr\/elevage\/","name":"\u00c9levage de Queso de Oveja Pago &quot;Los Vivales&quot; - Leche cruda","isPartOf":{"@id":"https:\/\/www.pagolosvivales.com\/fr\/#website"},"primaryImageOfPage":{"@id":"https:\/\/www.pagolosvivales.com\/fr\/elevage\/#primaryimage"},"image":{"@id":"https:\/\/www.pagolosvivales.com\/fr\/elevage\/#primaryimage"},"thumbnailUrl":"https:\/\/www.pagolosvivales.com\/wp-content\/uploads\/2018\/10\/PagoLosVivales.png","datePublished":"2019-01-11T09:54:03+00:00","dateModified":"2023-12-05T15:15:18+00:00","description":"Tenemos 4.000 ovejas productoras de leche, con un constante control de selecci\u00f3n para obtener la mejor calidad del producto.","breadcrumb":{"@id":"https:\/\/www.pagolosvivales.com\/fr\/elevage\/#breadcrumb"},"inLanguage":"fr-FR","potentialAction":[{"@type":"ReadAction","target":["https:\/\/www.pagolosvivales.com\/fr\/elevage\/"]}]},{"@type":"ImageObject","inLanguage":"fr-FR","@id":"https:\/\/www.pagolosvivales.com\/fr\/elevage\/#primaryimage","url":"https:\/\/www.pagolosvivales.com\/wp-content\/uploads\/2018\/10\/PagoLosVivales.png","contentUrl":"https:\/\/www.pagolosvivales.com\/wp-content\/uploads\/2018\/10\/PagoLosVivales.png","width":739,"height":369,"caption":"\u00c9levage"},{"@type":"BreadcrumbList","@id":"https:\/\/www.pagolosvivales.com\/fr\/elevage\/#breadcrumb","itemListElement":[{"@type":"ListItem","position":1,"name":"Portada","item":"https:\/\/www.pagolosvivales.com\/fr\/"},{"@type":"ListItem","position":2,"name":"\u00c9levage"}]},{"@type":"WebSite","@id":"https:\/\/www.pagolosvivales.com\/fr\/#website","url":"https:\/\/www.pagolosvivales.com\/fr\/","name":"Queso de Oveja Pago &quot;Los Vivales&quot;","description":"Baltasar Moralejo e Hijos","potentialAction":[{"@type":"SearchAction","target":{"@type":"EntryPoint","urlTemplate":"https:\/\/www.pagolosvivales.com\/fr\/?s={search_term_string}"},"query-input":{"@type":"PropertyValueSpecification","valueRequired":true,"valueName":"search_term_string"}}],"inLanguage":"fr-FR"}]}},"_links":{"self":[{"href":"https:\/\/www.pagolosvivales.com\/fr\/wp-json\/wp\/v2\/pages\/4817","targetHints":{"allow":["GET"]}}],"collection":[{"href":"https:\/\/www.pagolosvivales.com\/fr\/wp-json\/wp\/v2\/pages"}],"about":[{"href":"https:\/\/www.pagolosvivales.com\/fr\/wp-json\/wp\/v2\/types\/page"}],"author":[{"embeddable":true,"href":"https:\/\/www.pagolosvivales.com\/fr\/wp-json\/wp\/v2\/users\/1"}],"replies":[{"embeddable":true,"href":"https:\/\/www.pagolosvivales.com\/fr\/wp-json\/wp\/v2\/comments?post=4817"}],"version-history":[{"count":2,"href":"https:\/\/www.pagolosvivales.com\/fr\/wp-json\/wp\/v2\/pages\/4817\/revisions"}],"predecessor-version":[{"id":19670,"href":"https:\/\/www.pagolosvivales.com\/fr\/wp-json\/wp\/v2\/pages\/4817\/revisions\/19670"}],"wp:featuredmedia":[{"embeddable":true,"href":"https:\/\/www.pagolosvivales.com\/fr\/wp-json\/wp\/v2\/media\/4214"}],"wp:attachment":[{"href":"https:\/\/www.pagolosvivales.com\/fr\/wp-json\/wp\/v2\/media?parent=4817"}],"curies":[{"name":"wp","href":"https:\/\/api.w.org\/{rel}","templated":true}]}}