{"id":5425,"date":"2018-10-05T09:34:48","date_gmt":"2018-10-05T09:34:48","guid":{"rendered":"http:\/\/vivales.questiondeimagen.com\/product\/queso-gran-reserva-silver-label\/"},"modified":"2025-09-22T14:15:04","modified_gmt":"2025-09-22T12:15:04","slug":"queso-gran-reserva-silver-label","status":"publish","type":"product","link":"https:\/\/www.pagolosvivales.com\/en\/product\/queso-gran-reserva-silver-label\/","title":{"rendered":"Queso gran Reserva (Silver Label)"},"content":{"rendered":"<p><strong>Elaboration<\/strong>:<\/p>\n<p>Made from 100% raw sheep milk.<\/p>\n<p>This cheese is matured for over 16 months, giving it a uniform and firm texture that cuts cleanly, with small mechanical holes. It still has a melt-in-the-mouth texture despite its age. It has a strong, elegant and aromatic flavour that is very long lasting.<\/p>\n<p><strong>Curing period:<\/strong> Over 15 months<\/p>\n","protected":false},"excerpt":{"rendered":"<p><strong>Curing period:<\/strong> Over 15 months<\/p>\n","protected":false},"featured_media":26274,"comment_status":"closed","ping_status":"closed","template":"","meta":{"_acf_changed":false},"product_brand":[],"product_cat":[157],"product_tag":[245,159],"class_list":{"0":"post-5425","1":"product","2":"type-product","3":"status-publish","4":"has-post-thumbnail","6":"product_cat-cheeses","7":"product_tag-gran-reserva-en","8":"product_tag-gray","10":"first","11":"instock","12":"taxable","13":"shipping-taxable","14":"purchasable","15":"product-type-variable","16":"has-default-attributes"},"acf":[],"yoast_head":"<!-- This site is optimized with the Yoast SEO plugin v27.5 - https:\/\/yoast.com\/product\/yoast-seo-wordpress\/ -->\n<title>Compra online el Queso de Oveja Gran Reserva Pago &quot;Los Vivales&quot;<\/title>\n<meta name=\"description\" content=\"Es un queso con una maduraci\u00f3n de m\u00e1s de 16 meses, donde encontramos una pasta homog\u00e9nea y firme, con un corte l\u00edmpio, pocos ojos mec\u00e1nicos.\" \/>\n<meta name=\"robots\" content=\"index, follow, max-snippet:-1, max-image-preview:large, max-video-preview:-1\" \/>\n<link rel=\"canonical\" href=\"https:\/\/www.pagolosvivales.com\/en\/product\/queso-gran-reserva-silver-label\/\" \/>\n<meta property=\"og:locale\" content=\"en_US\" \/>\n<meta property=\"og:type\" content=\"article\" \/>\n<meta property=\"og:title\" content=\"Compra online el Queso de Oveja Gran Reserva Pago &quot;Los Vivales&quot;\" \/>\n<meta property=\"og:description\" content=\"Es un queso con una maduraci\u00f3n de m\u00e1s de 16 meses, donde encontramos una pasta homog\u00e9nea y firme, con un corte l\u00edmpio, pocos ojos mec\u00e1nicos.\" \/>\n<meta property=\"og:url\" content=\"https:\/\/www.pagolosvivales.com\/en\/product\/queso-gran-reserva-silver-label\/\" \/>\n<meta property=\"og:site_name\" content=\"Queso de Oveja Pago &quot;Los Vivales&quot;\" \/>\n<meta property=\"article:modified_time\" content=\"2025-09-22T12:15:04+00:00\" \/>\n<meta property=\"og:image\" content=\"https:\/\/www.pagolosvivales.com\/wp-content\/uploads\/2018\/10\/Gran_Reserva_Fondo_Negro.jpg\" \/>\n\t<meta property=\"og:image:width\" content=\"679\" \/>\n\t<meta property=\"og:image:height\" content=\"450\" \/>\n\t<meta property=\"og:image:type\" content=\"image\/jpeg\" \/>\n<meta name=\"twitter:card\" content=\"summary_large_image\" \/>\n<script type=\"application\/ld+json\" class=\"yoast-schema-graph\">{\"@context\":\"https:\\\/\\\/schema.org\",\"@graph\":[{\"@type\":\"WebPage\",\"@id\":\"https:\\\/\\\/www.pagolosvivales.com\\\/en\\\/product\\\/queso-gran-reserva-silver-label\\\/\",\"url\":\"https:\\\/\\\/www.pagolosvivales.com\\\/en\\\/product\\\/queso-gran-reserva-silver-label\\\/\",\"name\":\"Compra online el Queso de Oveja Gran Reserva Pago \\\"Los Vivales\\\"\",\"isPartOf\":{\"@id\":\"https:\\\/\\\/www.pagolosvivales.com\\\/en\\\/#website\"},\"primaryImageOfPage\":{\"@id\":\"https:\\\/\\\/www.pagolosvivales.com\\\/en\\\/product\\\/queso-gran-reserva-silver-label\\\/#primaryimage\"},\"image\":{\"@id\":\"https:\\\/\\\/www.pagolosvivales.com\\\/en\\\/product\\\/queso-gran-reserva-silver-label\\\/#primaryimage\"},\"thumbnailUrl\":\"https:\\\/\\\/www.pagolosvivales.com\\\/wp-content\\\/uploads\\\/2018\\\/10\\\/queso_GranReserva_PagoLosVivales.jpg\",\"datePublished\":\"2018-10-05T09:34:48+00:00\",\"dateModified\":\"2025-09-22T12:15:04+00:00\",\"description\":\"Es un queso con una maduraci\u00f3n de m\u00e1s de 16 meses, donde encontramos una pasta homog\u00e9nea y firme, con un corte l\u00edmpio, pocos ojos mec\u00e1nicos.\",\"breadcrumb\":{\"@id\":\"https:\\\/\\\/www.pagolosvivales.com\\\/en\\\/product\\\/queso-gran-reserva-silver-label\\\/#breadcrumb\"},\"inLanguage\":\"en-US\",\"potentialAction\":[{\"@type\":\"ReadAction\",\"target\":[\"https:\\\/\\\/www.pagolosvivales.com\\\/en\\\/product\\\/queso-gran-reserva-silver-label\\\/\"]}]},{\"@type\":\"ImageObject\",\"inLanguage\":\"en-US\",\"@id\":\"https:\\\/\\\/www.pagolosvivales.com\\\/en\\\/product\\\/queso-gran-reserva-silver-label\\\/#primaryimage\",\"url\":\"https:\\\/\\\/www.pagolosvivales.com\\\/wp-content\\\/uploads\\\/2018\\\/10\\\/queso_GranReserva_PagoLosVivales.jpg\",\"contentUrl\":\"https:\\\/\\\/www.pagolosvivales.com\\\/wp-content\\\/uploads\\\/2018\\\/10\\\/queso_GranReserva_PagoLosVivales.jpg\",\"width\":600,\"height\":471,\"caption\":\"Queso de Oveja Gran Reserva Etiqueta Gris Pago \\\"Los Vivales\\\"\"},{\"@type\":\"BreadcrumbList\",\"@id\":\"https:\\\/\\\/www.pagolosvivales.com\\\/en\\\/product\\\/queso-gran-reserva-silver-label\\\/#breadcrumb\",\"itemListElement\":[{\"@type\":\"ListItem\",\"position\":1,\"name\":\"Portada\",\"item\":\"https:\\\/\\\/www.pagolosvivales.com\\\/en\\\/\"},{\"@type\":\"ListItem\",\"position\":2,\"name\":\"Shop\",\"item\":\"https:\\\/\\\/www.pagolosvivales.com\\\/en\\\/shop\\\/\"},{\"@type\":\"ListItem\",\"position\":3,\"name\":\"Queso gran Reserva (Silver Label)\"}]},{\"@type\":\"WebSite\",\"@id\":\"https:\\\/\\\/www.pagolosvivales.com\\\/en\\\/#website\",\"url\":\"https:\\\/\\\/www.pagolosvivales.com\\\/en\\\/\",\"name\":\"Queso de Oveja Pago &quot;Los Vivales&quot;\",\"description\":\"Baltasar Moralejo e Hijos\",\"potentialAction\":[{\"@type\":\"SearchAction\",\"target\":{\"@type\":\"EntryPoint\",\"urlTemplate\":\"https:\\\/\\\/www.pagolosvivales.com\\\/en\\\/?s={search_term_string}\"},\"query-input\":{\"@type\":\"PropertyValueSpecification\",\"valueRequired\":true,\"valueName\":\"search_term_string\"}}],\"inLanguage\":\"en-US\"}]}<\/script>\n<!-- \/ Yoast SEO plugin. -->","yoast_head_json":{"title":"Compra online el Queso de Oveja Gran Reserva Pago \"Los Vivales\"","description":"Es un queso con una maduraci\u00f3n de m\u00e1s de 16 meses, donde encontramos una pasta homog\u00e9nea y firme, con un corte l\u00edmpio, pocos ojos mec\u00e1nicos.","robots":{"index":"index","follow":"follow","max-snippet":"max-snippet:-1","max-image-preview":"max-image-preview:large","max-video-preview":"max-video-preview:-1"},"canonical":"https:\/\/www.pagolosvivales.com\/en\/product\/queso-gran-reserva-silver-label\/","og_locale":"en_US","og_type":"article","og_title":"Compra online el Queso de Oveja Gran Reserva Pago \"Los Vivales\"","og_description":"Es un queso con una maduraci\u00f3n de m\u00e1s de 16 meses, donde encontramos una pasta homog\u00e9nea y firme, con un corte l\u00edmpio, pocos ojos mec\u00e1nicos.","og_url":"https:\/\/www.pagolosvivales.com\/en\/product\/queso-gran-reserva-silver-label\/","og_site_name":"Queso de Oveja Pago &quot;Los Vivales&quot;","article_modified_time":"2025-09-22T12:15:04+00:00","og_image":[{"width":679,"height":450,"url":"https:\/\/www.pagolosvivales.com\/wp-content\/uploads\/2018\/10\/Gran_Reserva_Fondo_Negro.jpg","type":"image\/jpeg"}],"twitter_card":"summary_large_image","schema":{"@context":"https:\/\/schema.org","@graph":[{"@type":"WebPage","@id":"https:\/\/www.pagolosvivales.com\/en\/product\/queso-gran-reserva-silver-label\/","url":"https:\/\/www.pagolosvivales.com\/en\/product\/queso-gran-reserva-silver-label\/","name":"Compra online el Queso de Oveja Gran Reserva Pago \"Los Vivales\"","isPartOf":{"@id":"https:\/\/www.pagolosvivales.com\/en\/#website"},"primaryImageOfPage":{"@id":"https:\/\/www.pagolosvivales.com\/en\/product\/queso-gran-reserva-silver-label\/#primaryimage"},"image":{"@id":"https:\/\/www.pagolosvivales.com\/en\/product\/queso-gran-reserva-silver-label\/#primaryimage"},"thumbnailUrl":"https:\/\/www.pagolosvivales.com\/wp-content\/uploads\/2018\/10\/queso_GranReserva_PagoLosVivales.jpg","datePublished":"2018-10-05T09:34:48+00:00","dateModified":"2025-09-22T12:15:04+00:00","description":"Es un queso con una maduraci\u00f3n de m\u00e1s de 16 meses, donde encontramos una pasta homog\u00e9nea y firme, con un corte l\u00edmpio, pocos ojos mec\u00e1nicos.","breadcrumb":{"@id":"https:\/\/www.pagolosvivales.com\/en\/product\/queso-gran-reserva-silver-label\/#breadcrumb"},"inLanguage":"en-US","potentialAction":[{"@type":"ReadAction","target":["https:\/\/www.pagolosvivales.com\/en\/product\/queso-gran-reserva-silver-label\/"]}]},{"@type":"ImageObject","inLanguage":"en-US","@id":"https:\/\/www.pagolosvivales.com\/en\/product\/queso-gran-reserva-silver-label\/#primaryimage","url":"https:\/\/www.pagolosvivales.com\/wp-content\/uploads\/2018\/10\/queso_GranReserva_PagoLosVivales.jpg","contentUrl":"https:\/\/www.pagolosvivales.com\/wp-content\/uploads\/2018\/10\/queso_GranReserva_PagoLosVivales.jpg","width":600,"height":471,"caption":"Queso de Oveja Gran Reserva Etiqueta Gris Pago \"Los Vivales\""},{"@type":"BreadcrumbList","@id":"https:\/\/www.pagolosvivales.com\/en\/product\/queso-gran-reserva-silver-label\/#breadcrumb","itemListElement":[{"@type":"ListItem","position":1,"name":"Portada","item":"https:\/\/www.pagolosvivales.com\/en\/"},{"@type":"ListItem","position":2,"name":"Shop","item":"https:\/\/www.pagolosvivales.com\/en\/shop\/"},{"@type":"ListItem","position":3,"name":"Queso gran Reserva (Silver Label)"}]},{"@type":"WebSite","@id":"https:\/\/www.pagolosvivales.com\/en\/#website","url":"https:\/\/www.pagolosvivales.com\/en\/","name":"Queso de Oveja Pago &quot;Los Vivales&quot;","description":"Baltasar Moralejo e Hijos","potentialAction":[{"@type":"SearchAction","target":{"@type":"EntryPoint","urlTemplate":"https:\/\/www.pagolosvivales.com\/en\/?s={search_term_string}"},"query-input":{"@type":"PropertyValueSpecification","valueRequired":true,"valueName":"search_term_string"}}],"inLanguage":"en-US"}]}},"_links":{"self":[{"href":"https:\/\/www.pagolosvivales.com\/en\/wp-json\/wp\/v2\/product\/5425","targetHints":{"allow":["GET"]}}],"collection":[{"href":"https:\/\/www.pagolosvivales.com\/en\/wp-json\/wp\/v2\/product"}],"about":[{"href":"https:\/\/www.pagolosvivales.com\/en\/wp-json\/wp\/v2\/types\/product"}],"replies":[{"embeddable":true,"href":"https:\/\/www.pagolosvivales.com\/en\/wp-json\/wp\/v2\/comments?post=5425"}],"wp:featuredmedia":[{"embeddable":true,"href":"https:\/\/www.pagolosvivales.com\/en\/wp-json\/wp\/v2\/media\/26274"}],"wp:attachment":[{"href":"https:\/\/www.pagolosvivales.com\/en\/wp-json\/wp\/v2\/media?parent=5425"}],"wp:term":[{"taxonomy":"product_brand","embeddable":true,"href":"https:\/\/www.pagolosvivales.com\/en\/wp-json\/wp\/v2\/product_brand?post=5425"},{"taxonomy":"product_cat","embeddable":true,"href":"https:\/\/www.pagolosvivales.com\/en\/wp-json\/wp\/v2\/product_cat?post=5425"},{"taxonomy":"product_tag","embeddable":true,"href":"https:\/\/www.pagolosvivales.com\/en\/wp-json\/wp\/v2\/product_tag?post=5425"}],"curies":[{"name":"wp","href":"https:\/\/api.w.org\/{rel}","templated":true}]}}