{"id":5416,"date":"2018-10-05T08:46:20","date_gmt":"2018-10-05T08:46:20","guid":{"rendered":"http:\/\/vivales.questiondeimagen.com\/product\/3488\/"},"modified":"2025-09-22T14:07:21","modified_gmt":"2025-09-22T12:07:21","slug":"3488","status":"publish","type":"product","link":"https:\/\/www.pagolosvivales.com\/en\/product\/3488\/","title":{"rendered":"Queso semicurado (Green Label)"},"content":{"rendered":"<p><strong>Elaboration:<\/strong><\/p>\n<p>Made from 100% raw sheep milk.<\/p>\n<p>It is a young cheese with a smooth, thin and hard natural rind. It comes in a uniform cut with the occasional mechanical hole. It does not have any darkening towards the rind. It melts in the mouth with a note of hazelnut thanks to the purity of the milk used, with a light taste that is full of personality, leaving a long-lasting aftertaste on the palate.<\/p>\n<p><strong>Curing Period:<\/strong> From 2 to 4 months.<\/p>\n","protected":false},"excerpt":{"rendered":"<p>Curing Period: From 2 to 4 months.<\/p>\n","protected":false},"featured_media":26280,"comment_status":"closed","ping_status":"closed","template":"","meta":{"_acf_changed":false},"product_brand":[],"product_cat":[157],"product_tag":[161,242],"class_list":{"0":"post-5416","1":"product","2":"type-product","3":"status-publish","4":"has-post-thumbnail","6":"product_cat-cheeses","7":"product_tag-green","8":"product_tag-semicurado-en","10":"first","11":"instock","12":"taxable","13":"shipping-taxable","14":"purchasable","15":"product-type-variable","16":"has-default-attributes"},"acf":[],"yoast_head":"<!-- This site is optimized with the Yoast SEO plugin v27.4 - https:\/\/yoast.com\/product\/yoast-seo-wordpress\/ -->\n<title>Compra Queso de Oveja Semicurado Etiqueta Verde Pago &quot;Los Vivales&quot;<\/title>\n<meta name=\"description\" content=\"Es un queso joven con corteza natural, muy fina, dura y lisa. Corte uniforme con alg\u00fan ojo mec\u00e1nico. No presenta ning\u00fan cerco oscuro pr\u00f3ximo a la corteza.\" \/>\n<meta name=\"robots\" content=\"index, follow, max-snippet:-1, max-image-preview:large, max-video-preview:-1\" \/>\n<link rel=\"canonical\" href=\"https:\/\/www.pagolosvivales.com\/en\/product\/3488\/\" \/>\n<meta property=\"og:locale\" content=\"en_US\" \/>\n<meta property=\"og:type\" content=\"article\" \/>\n<meta property=\"og:title\" content=\"Compra Queso de Oveja Semicurado Etiqueta Verde Pago &quot;Los Vivales&quot;\" \/>\n<meta property=\"og:description\" content=\"Es un queso joven con corteza natural, muy fina, dura y lisa. Corte uniforme con alg\u00fan ojo mec\u00e1nico. No presenta ning\u00fan cerco oscuro pr\u00f3ximo a la corteza.\" \/>\n<meta property=\"og:url\" content=\"https:\/\/www.pagolosvivales.com\/en\/product\/3488\/\" \/>\n<meta property=\"og:site_name\" content=\"Queso de Oveja Pago &quot;Los Vivales&quot;\" \/>\n<meta property=\"article:modified_time\" content=\"2025-09-22T12:07:21+00:00\" \/>\n<meta property=\"og:image\" content=\"https:\/\/www.pagolosvivales.com\/wp-content\/uploads\/2018\/10\/Semicurado_Fondo_Negro.jpg\" \/>\n\t<meta property=\"og:image:width\" content=\"679\" \/>\n\t<meta property=\"og:image:height\" content=\"450\" \/>\n\t<meta property=\"og:image:type\" content=\"image\/jpeg\" \/>\n<meta name=\"twitter:card\" content=\"summary_large_image\" \/>\n<script type=\"application\/ld+json\" class=\"yoast-schema-graph\">{\"@context\":\"https:\\\/\\\/schema.org\",\"@graph\":[{\"@type\":\"WebPage\",\"@id\":\"https:\\\/\\\/www.pagolosvivales.com\\\/en\\\/product\\\/3488\\\/\",\"url\":\"https:\\\/\\\/www.pagolosvivales.com\\\/en\\\/product\\\/3488\\\/\",\"name\":\"Compra Queso de Oveja Semicurado Etiqueta Verde Pago \\\"Los Vivales\\\"\",\"isPartOf\":{\"@id\":\"https:\\\/\\\/www.pagolosvivales.com\\\/en\\\/#website\"},\"primaryImageOfPage\":{\"@id\":\"https:\\\/\\\/www.pagolosvivales.com\\\/en\\\/product\\\/3488\\\/#primaryimage\"},\"image\":{\"@id\":\"https:\\\/\\\/www.pagolosvivales.com\\\/en\\\/product\\\/3488\\\/#primaryimage\"},\"thumbnailUrl\":\"https:\\\/\\\/www.pagolosvivales.com\\\/wp-content\\\/uploads\\\/2018\\\/10\\\/queso_SemiCurado_PagoLosVivales.jpg\",\"datePublished\":\"2018-10-05T08:46:20+00:00\",\"dateModified\":\"2025-09-22T12:07:21+00:00\",\"description\":\"Es un queso joven con corteza natural, muy fina, dura y lisa. Corte uniforme con alg\u00fan ojo mec\u00e1nico. No presenta ning\u00fan cerco oscuro pr\u00f3ximo a la corteza.\",\"breadcrumb\":{\"@id\":\"https:\\\/\\\/www.pagolosvivales.com\\\/en\\\/product\\\/3488\\\/#breadcrumb\"},\"inLanguage\":\"en-US\",\"potentialAction\":[{\"@type\":\"ReadAction\",\"target\":[\"https:\\\/\\\/www.pagolosvivales.com\\\/en\\\/product\\\/3488\\\/\"]}]},{\"@type\":\"ImageObject\",\"inLanguage\":\"en-US\",\"@id\":\"https:\\\/\\\/www.pagolosvivales.com\\\/en\\\/product\\\/3488\\\/#primaryimage\",\"url\":\"https:\\\/\\\/www.pagolosvivales.com\\\/wp-content\\\/uploads\\\/2018\\\/10\\\/queso_SemiCurado_PagoLosVivales.jpg\",\"contentUrl\":\"https:\\\/\\\/www.pagolosvivales.com\\\/wp-content\\\/uploads\\\/2018\\\/10\\\/queso_SemiCurado_PagoLosVivales.jpg\",\"width\":600,\"height\":464,\"caption\":\"Queso de Oveja Semicurado Etiqueta Verde Pago Los Vivales\"},{\"@type\":\"BreadcrumbList\",\"@id\":\"https:\\\/\\\/www.pagolosvivales.com\\\/en\\\/product\\\/3488\\\/#breadcrumb\",\"itemListElement\":[{\"@type\":\"ListItem\",\"position\":1,\"name\":\"Portada\",\"item\":\"https:\\\/\\\/www.pagolosvivales.com\\\/en\\\/\"},{\"@type\":\"ListItem\",\"position\":2,\"name\":\"Shop\",\"item\":\"https:\\\/\\\/www.pagolosvivales.com\\\/en\\\/shop\\\/\"},{\"@type\":\"ListItem\",\"position\":3,\"name\":\"Queso semicurado (Green Label)\"}]},{\"@type\":\"WebSite\",\"@id\":\"https:\\\/\\\/www.pagolosvivales.com\\\/en\\\/#website\",\"url\":\"https:\\\/\\\/www.pagolosvivales.com\\\/en\\\/\",\"name\":\"Queso de Oveja Pago &quot;Los Vivales&quot;\",\"description\":\"Baltasar Moralejo e Hijos\",\"potentialAction\":[{\"@type\":\"SearchAction\",\"target\":{\"@type\":\"EntryPoint\",\"urlTemplate\":\"https:\\\/\\\/www.pagolosvivales.com\\\/en\\\/?s={search_term_string}\"},\"query-input\":{\"@type\":\"PropertyValueSpecification\",\"valueRequired\":true,\"valueName\":\"search_term_string\"}}],\"inLanguage\":\"en-US\"}]}<\/script>\n<!-- \/ Yoast SEO plugin. -->","yoast_head_json":{"title":"Compra Queso de Oveja Semicurado Etiqueta Verde Pago \"Los Vivales\"","description":"Es un queso joven con corteza natural, muy fina, dura y lisa. Corte uniforme con alg\u00fan ojo mec\u00e1nico. No presenta ning\u00fan cerco oscuro pr\u00f3ximo a la corteza.","robots":{"index":"index","follow":"follow","max-snippet":"max-snippet:-1","max-image-preview":"max-image-preview:large","max-video-preview":"max-video-preview:-1"},"canonical":"https:\/\/www.pagolosvivales.com\/en\/product\/3488\/","og_locale":"en_US","og_type":"article","og_title":"Compra Queso de Oveja Semicurado Etiqueta Verde Pago \"Los Vivales\"","og_description":"Es un queso joven con corteza natural, muy fina, dura y lisa. Corte uniforme con alg\u00fan ojo mec\u00e1nico. No presenta ning\u00fan cerco oscuro pr\u00f3ximo a la corteza.","og_url":"https:\/\/www.pagolosvivales.com\/en\/product\/3488\/","og_site_name":"Queso de Oveja Pago &quot;Los Vivales&quot;","article_modified_time":"2025-09-22T12:07:21+00:00","og_image":[{"width":679,"height":450,"url":"https:\/\/www.pagolosvivales.com\/wp-content\/uploads\/2018\/10\/Semicurado_Fondo_Negro.jpg","type":"image\/jpeg"}],"twitter_card":"summary_large_image","schema":{"@context":"https:\/\/schema.org","@graph":[{"@type":"WebPage","@id":"https:\/\/www.pagolosvivales.com\/en\/product\/3488\/","url":"https:\/\/www.pagolosvivales.com\/en\/product\/3488\/","name":"Compra Queso de Oveja Semicurado Etiqueta Verde Pago \"Los Vivales\"","isPartOf":{"@id":"https:\/\/www.pagolosvivales.com\/en\/#website"},"primaryImageOfPage":{"@id":"https:\/\/www.pagolosvivales.com\/en\/product\/3488\/#primaryimage"},"image":{"@id":"https:\/\/www.pagolosvivales.com\/en\/product\/3488\/#primaryimage"},"thumbnailUrl":"https:\/\/www.pagolosvivales.com\/wp-content\/uploads\/2018\/10\/queso_SemiCurado_PagoLosVivales.jpg","datePublished":"2018-10-05T08:46:20+00:00","dateModified":"2025-09-22T12:07:21+00:00","description":"Es un queso joven con corteza natural, muy fina, dura y lisa. Corte uniforme con alg\u00fan ojo mec\u00e1nico. No presenta ning\u00fan cerco oscuro pr\u00f3ximo a la corteza.","breadcrumb":{"@id":"https:\/\/www.pagolosvivales.com\/en\/product\/3488\/#breadcrumb"},"inLanguage":"en-US","potentialAction":[{"@type":"ReadAction","target":["https:\/\/www.pagolosvivales.com\/en\/product\/3488\/"]}]},{"@type":"ImageObject","inLanguage":"en-US","@id":"https:\/\/www.pagolosvivales.com\/en\/product\/3488\/#primaryimage","url":"https:\/\/www.pagolosvivales.com\/wp-content\/uploads\/2018\/10\/queso_SemiCurado_PagoLosVivales.jpg","contentUrl":"https:\/\/www.pagolosvivales.com\/wp-content\/uploads\/2018\/10\/queso_SemiCurado_PagoLosVivales.jpg","width":600,"height":464,"caption":"Queso de Oveja Semicurado Etiqueta Verde Pago Los Vivales"},{"@type":"BreadcrumbList","@id":"https:\/\/www.pagolosvivales.com\/en\/product\/3488\/#breadcrumb","itemListElement":[{"@type":"ListItem","position":1,"name":"Portada","item":"https:\/\/www.pagolosvivales.com\/en\/"},{"@type":"ListItem","position":2,"name":"Shop","item":"https:\/\/www.pagolosvivales.com\/en\/shop\/"},{"@type":"ListItem","position":3,"name":"Queso semicurado (Green Label)"}]},{"@type":"WebSite","@id":"https:\/\/www.pagolosvivales.com\/en\/#website","url":"https:\/\/www.pagolosvivales.com\/en\/","name":"Queso de Oveja Pago &quot;Los Vivales&quot;","description":"Baltasar Moralejo e Hijos","potentialAction":[{"@type":"SearchAction","target":{"@type":"EntryPoint","urlTemplate":"https:\/\/www.pagolosvivales.com\/en\/?s={search_term_string}"},"query-input":{"@type":"PropertyValueSpecification","valueRequired":true,"valueName":"search_term_string"}}],"inLanguage":"en-US"}]}},"_links":{"self":[{"href":"https:\/\/www.pagolosvivales.com\/en\/wp-json\/wp\/v2\/product\/5416","targetHints":{"allow":["GET"]}}],"collection":[{"href":"https:\/\/www.pagolosvivales.com\/en\/wp-json\/wp\/v2\/product"}],"about":[{"href":"https:\/\/www.pagolosvivales.com\/en\/wp-json\/wp\/v2\/types\/product"}],"replies":[{"embeddable":true,"href":"https:\/\/www.pagolosvivales.com\/en\/wp-json\/wp\/v2\/comments?post=5416"}],"wp:featuredmedia":[{"embeddable":true,"href":"https:\/\/www.pagolosvivales.com\/en\/wp-json\/wp\/v2\/media\/26280"}],"wp:attachment":[{"href":"https:\/\/www.pagolosvivales.com\/en\/wp-json\/wp\/v2\/media?parent=5416"}],"wp:term":[{"taxonomy":"product_brand","embeddable":true,"href":"https:\/\/www.pagolosvivales.com\/en\/wp-json\/wp\/v2\/product_brand?post=5416"},{"taxonomy":"product_cat","embeddable":true,"href":"https:\/\/www.pagolosvivales.com\/en\/wp-json\/wp\/v2\/product_cat?post=5416"},{"taxonomy":"product_tag","embeddable":true,"href":"https:\/\/www.pagolosvivales.com\/en\/wp-json\/wp\/v2\/product_tag?post=5416"}],"curies":[{"name":"wp","href":"https:\/\/api.w.org\/{rel}","templated":true}]}}