{"id":4980,"date":"2018-10-05T08:12:58","date_gmt":"2018-10-05T06:12:58","guid":{"rendered":"http:\/\/vivales.questiondeimagen.com\/product\/queso-tierno\/"},"modified":"2025-09-22T13:55:04","modified_gmt":"2025-09-22T11:55:04","slug":"queso-tierno","status":"publish","type":"product","link":"https:\/\/www.pagolosvivales.com\/en\/product\/queso-tierno\/","title":{"rendered":"Queso Tierno (Blue Label)"},"content":{"rendered":"<p><strong>Elaboration:<\/strong><br \/>\nMade from 100% raw sheep milk.<\/p>\n<p>In keeping with our wish to develop new products, we are now producing a new type of cheese, a &#8220;SOFT CHEESE&#8221; made with raw sheep milk that has been matured for just 15 days, resulting in a product with a pleasant, clean and light sheep cheese taste and a firm yet fragile texture that is easy to eat.<\/p>\n<p>We are able to produce this cheese using raw milk thanks to the fact that it comes from our own farm and is subjected to rigorous controls by our veterinarians and the government authorities of the region of Castilla y Le\u00f3n, allowing us to fully guarantee the health standards of the final product.<\/p>\n<p>This cheese has a thin, smooth rind. It cuts cleanly, with little resistance, and is a white milky colour, with occasional mechanical holes occurring irregularly throughout. The texture is moist and elastic, with a slight hint of fattiness. It has a fresh milky flavour that does not feel hard in the mouth, yet is quite firm and dissolves easily, with a long lasting aftertaste that makes you want to go back for more.<\/p>\n","protected":false},"excerpt":{"rendered":"<p><strong>Curing period<\/strong> 15-30 days.<\/p>\n","protected":false},"featured_media":26325,"comment_status":"closed","ping_status":"closed","template":"","meta":{"_acf_changed":false},"product_brand":[],"product_cat":[157],"product_tag":[158,241],"class_list":{"0":"post-4980","1":"product","2":"type-product","3":"status-publish","4":"has-post-thumbnail","6":"product_cat-cheeses","7":"product_tag-blue","8":"product_tag-tierno-en","10":"first","11":"instock","12":"taxable","13":"shipping-taxable","14":"purchasable","15":"product-type-variable","16":"has-default-attributes"},"acf":[],"yoast_head":"<!-- This site is optimized with the Yoast SEO plugin v27.4 - https:\/\/yoast.com\/product\/yoast-seo-wordpress\/ -->\n<title>Compra online el Queso de Oveja Tierno Etiqueta Azul Pago &quot;Los Vivales&quot;<\/title>\n<meta name=\"description\" content=\"Queso Tierno de oveja de leche cruda, con tan solo 15 d\u00edas de maduraci\u00f3n que permite obtener un producto con ligero sabor, l\u00edmpio y agradable.\" \/>\n<meta name=\"robots\" content=\"index, follow, max-snippet:-1, max-image-preview:large, max-video-preview:-1\" \/>\n<link rel=\"canonical\" href=\"https:\/\/www.pagolosvivales.com\/en\/product\/queso-tierno\/\" \/>\n<meta property=\"og:locale\" content=\"en_US\" \/>\n<meta property=\"og:type\" content=\"article\" \/>\n<meta property=\"og:title\" content=\"Compra online el Queso de Oveja Tierno Etiqueta Azul Pago &quot;Los Vivales&quot;\" \/>\n<meta property=\"og:description\" content=\"Queso Tierno de oveja de leche cruda, con tan solo 15 d\u00edas de maduraci\u00f3n que permite obtener un producto con ligero sabor, l\u00edmpio y agradable.\" \/>\n<meta property=\"og:url\" content=\"https:\/\/www.pagolosvivales.com\/en\/product\/queso-tierno\/\" \/>\n<meta property=\"og:site_name\" content=\"Queso de Oveja Pago &quot;Los Vivales&quot;\" \/>\n<meta property=\"article:modified_time\" content=\"2025-09-22T11:55:04+00:00\" \/>\n<meta property=\"og:image\" content=\"https:\/\/www.pagolosvivales.com\/wp-content\/uploads\/2018\/10\/Pago-los-Vivales-Pack-Queso-Tierno-sin-logo.webp\" \/>\n\t<meta property=\"og:image:width\" content=\"500\" \/>\n\t<meta property=\"og:image:height\" content=\"500\" \/>\n\t<meta property=\"og:image:type\" content=\"image\/webp\" \/>\n<meta name=\"twitter:card\" content=\"summary_large_image\" \/>\n<meta name=\"twitter:label1\" content=\"Est. reading time\" \/>\n\t<meta name=\"twitter:data1\" content=\"2 minutes\" \/>\n<script type=\"application\/ld+json\" class=\"yoast-schema-graph\">{\"@context\":\"https:\\\/\\\/schema.org\",\"@graph\":[{\"@type\":\"WebPage\",\"@id\":\"https:\\\/\\\/www.pagolosvivales.com\\\/en\\\/product\\\/queso-tierno\\\/\",\"url\":\"https:\\\/\\\/www.pagolosvivales.com\\\/en\\\/product\\\/queso-tierno\\\/\",\"name\":\"Compra online el Queso de Oveja Tierno Etiqueta Azul Pago \\\"Los Vivales\\\"\",\"isPartOf\":{\"@id\":\"https:\\\/\\\/www.pagolosvivales.com\\\/en\\\/#website\"},\"primaryImageOfPage\":{\"@id\":\"https:\\\/\\\/www.pagolosvivales.com\\\/en\\\/product\\\/queso-tierno\\\/#primaryimage\"},\"image\":{\"@id\":\"https:\\\/\\\/www.pagolosvivales.com\\\/en\\\/product\\\/queso-tierno\\\/#primaryimage\"},\"thumbnailUrl\":\"https:\\\/\\\/www.pagolosvivales.com\\\/wp-content\\\/uploads\\\/2018\\\/10\\\/queso_Tierno_PagoLosVivales.png\",\"datePublished\":\"2018-10-05T06:12:58+00:00\",\"dateModified\":\"2025-09-22T11:55:04+00:00\",\"description\":\"Queso Tierno de oveja de leche cruda, con tan solo 15 d\u00edas de maduraci\u00f3n que permite obtener un producto con ligero sabor, l\u00edmpio y agradable.\",\"breadcrumb\":{\"@id\":\"https:\\\/\\\/www.pagolosvivales.com\\\/en\\\/product\\\/queso-tierno\\\/#breadcrumb\"},\"inLanguage\":\"en-US\",\"potentialAction\":[{\"@type\":\"ReadAction\",\"target\":[\"https:\\\/\\\/www.pagolosvivales.com\\\/en\\\/product\\\/queso-tierno\\\/\"]}]},{\"@type\":\"ImageObject\",\"inLanguage\":\"en-US\",\"@id\":\"https:\\\/\\\/www.pagolosvivales.com\\\/en\\\/product\\\/queso-tierno\\\/#primaryimage\",\"url\":\"https:\\\/\\\/www.pagolosvivales.com\\\/wp-content\\\/uploads\\\/2018\\\/10\\\/queso_Tierno_PagoLosVivales.png\",\"contentUrl\":\"https:\\\/\\\/www.pagolosvivales.com\\\/wp-content\\\/uploads\\\/2018\\\/10\\\/queso_Tierno_PagoLosVivales.png\",\"width\":600,\"height\":530,\"caption\":\"Queso de Oveja Tierno Etiqueta Azul Pago &quot;Los Vivales&quot;\"},{\"@type\":\"BreadcrumbList\",\"@id\":\"https:\\\/\\\/www.pagolosvivales.com\\\/en\\\/product\\\/queso-tierno\\\/#breadcrumb\",\"itemListElement\":[{\"@type\":\"ListItem\",\"position\":1,\"name\":\"Portada\",\"item\":\"https:\\\/\\\/www.pagolosvivales.com\\\/en\\\/\"},{\"@type\":\"ListItem\",\"position\":2,\"name\":\"Shop\",\"item\":\"https:\\\/\\\/www.pagolosvivales.com\\\/en\\\/shop\\\/\"},{\"@type\":\"ListItem\",\"position\":3,\"name\":\"Queso Tierno (Blue Label)\"}]},{\"@type\":\"WebSite\",\"@id\":\"https:\\\/\\\/www.pagolosvivales.com\\\/en\\\/#website\",\"url\":\"https:\\\/\\\/www.pagolosvivales.com\\\/en\\\/\",\"name\":\"Queso de Oveja Pago &quot;Los Vivales&quot;\",\"description\":\"Baltasar Moralejo e Hijos\",\"potentialAction\":[{\"@type\":\"SearchAction\",\"target\":{\"@type\":\"EntryPoint\",\"urlTemplate\":\"https:\\\/\\\/www.pagolosvivales.com\\\/en\\\/?s={search_term_string}\"},\"query-input\":{\"@type\":\"PropertyValueSpecification\",\"valueRequired\":true,\"valueName\":\"search_term_string\"}}],\"inLanguage\":\"en-US\"}]}<\/script>\n<!-- \/ Yoast SEO plugin. -->","yoast_head_json":{"title":"Compra online el Queso de Oveja Tierno Etiqueta Azul Pago \"Los Vivales\"","description":"Queso Tierno de oveja de leche cruda, con tan solo 15 d\u00edas de maduraci\u00f3n que permite obtener un producto con ligero sabor, l\u00edmpio y agradable.","robots":{"index":"index","follow":"follow","max-snippet":"max-snippet:-1","max-image-preview":"max-image-preview:large","max-video-preview":"max-video-preview:-1"},"canonical":"https:\/\/www.pagolosvivales.com\/en\/product\/queso-tierno\/","og_locale":"en_US","og_type":"article","og_title":"Compra online el Queso de Oveja Tierno Etiqueta Azul Pago \"Los Vivales\"","og_description":"Queso Tierno de oveja de leche cruda, con tan solo 15 d\u00edas de maduraci\u00f3n que permite obtener un producto con ligero sabor, l\u00edmpio y agradable.","og_url":"https:\/\/www.pagolosvivales.com\/en\/product\/queso-tierno\/","og_site_name":"Queso de Oveja Pago &quot;Los Vivales&quot;","article_modified_time":"2025-09-22T11:55:04+00:00","og_image":[{"width":500,"height":500,"url":"https:\/\/www.pagolosvivales.com\/wp-content\/uploads\/2018\/10\/Pago-los-Vivales-Pack-Queso-Tierno-sin-logo.webp","type":"image\/webp"}],"twitter_card":"summary_large_image","twitter_misc":{"Est. reading time":"2 minutes"},"schema":{"@context":"https:\/\/schema.org","@graph":[{"@type":"WebPage","@id":"https:\/\/www.pagolosvivales.com\/en\/product\/queso-tierno\/","url":"https:\/\/www.pagolosvivales.com\/en\/product\/queso-tierno\/","name":"Compra online el Queso de Oveja Tierno Etiqueta Azul Pago \"Los Vivales\"","isPartOf":{"@id":"https:\/\/www.pagolosvivales.com\/en\/#website"},"primaryImageOfPage":{"@id":"https:\/\/www.pagolosvivales.com\/en\/product\/queso-tierno\/#primaryimage"},"image":{"@id":"https:\/\/www.pagolosvivales.com\/en\/product\/queso-tierno\/#primaryimage"},"thumbnailUrl":"https:\/\/www.pagolosvivales.com\/wp-content\/uploads\/2018\/10\/queso_Tierno_PagoLosVivales.png","datePublished":"2018-10-05T06:12:58+00:00","dateModified":"2025-09-22T11:55:04+00:00","description":"Queso Tierno de oveja de leche cruda, con tan solo 15 d\u00edas de maduraci\u00f3n que permite obtener un producto con ligero sabor, l\u00edmpio y agradable.","breadcrumb":{"@id":"https:\/\/www.pagolosvivales.com\/en\/product\/queso-tierno\/#breadcrumb"},"inLanguage":"en-US","potentialAction":[{"@type":"ReadAction","target":["https:\/\/www.pagolosvivales.com\/en\/product\/queso-tierno\/"]}]},{"@type":"ImageObject","inLanguage":"en-US","@id":"https:\/\/www.pagolosvivales.com\/en\/product\/queso-tierno\/#primaryimage","url":"https:\/\/www.pagolosvivales.com\/wp-content\/uploads\/2018\/10\/queso_Tierno_PagoLosVivales.png","contentUrl":"https:\/\/www.pagolosvivales.com\/wp-content\/uploads\/2018\/10\/queso_Tierno_PagoLosVivales.png","width":600,"height":530,"caption":"Queso de Oveja Tierno Etiqueta Azul Pago &quot;Los Vivales&quot;"},{"@type":"BreadcrumbList","@id":"https:\/\/www.pagolosvivales.com\/en\/product\/queso-tierno\/#breadcrumb","itemListElement":[{"@type":"ListItem","position":1,"name":"Portada","item":"https:\/\/www.pagolosvivales.com\/en\/"},{"@type":"ListItem","position":2,"name":"Shop","item":"https:\/\/www.pagolosvivales.com\/en\/shop\/"},{"@type":"ListItem","position":3,"name":"Queso Tierno (Blue Label)"}]},{"@type":"WebSite","@id":"https:\/\/www.pagolosvivales.com\/en\/#website","url":"https:\/\/www.pagolosvivales.com\/en\/","name":"Queso de Oveja Pago &quot;Los Vivales&quot;","description":"Baltasar Moralejo e Hijos","potentialAction":[{"@type":"SearchAction","target":{"@type":"EntryPoint","urlTemplate":"https:\/\/www.pagolosvivales.com\/en\/?s={search_term_string}"},"query-input":{"@type":"PropertyValueSpecification","valueRequired":true,"valueName":"search_term_string"}}],"inLanguage":"en-US"}]}},"_links":{"self":[{"href":"https:\/\/www.pagolosvivales.com\/en\/wp-json\/wp\/v2\/product\/4980","targetHints":{"allow":["GET"]}}],"collection":[{"href":"https:\/\/www.pagolosvivales.com\/en\/wp-json\/wp\/v2\/product"}],"about":[{"href":"https:\/\/www.pagolosvivales.com\/en\/wp-json\/wp\/v2\/types\/product"}],"replies":[{"embeddable":true,"href":"https:\/\/www.pagolosvivales.com\/en\/wp-json\/wp\/v2\/comments?post=4980"}],"wp:featuredmedia":[{"embeddable":true,"href":"https:\/\/www.pagolosvivales.com\/en\/wp-json\/wp\/v2\/media\/26325"}],"wp:attachment":[{"href":"https:\/\/www.pagolosvivales.com\/en\/wp-json\/wp\/v2\/media?parent=4980"}],"wp:term":[{"taxonomy":"product_brand","embeddable":true,"href":"https:\/\/www.pagolosvivales.com\/en\/wp-json\/wp\/v2\/product_brand?post=4980"},{"taxonomy":"product_cat","embeddable":true,"href":"https:\/\/www.pagolosvivales.com\/en\/wp-json\/wp\/v2\/product_cat?post=4980"},{"taxonomy":"product_tag","embeddable":true,"href":"https:\/\/www.pagolosvivales.com\/en\/wp-json\/wp\/v2\/product_tag?post=4980"}],"curies":[{"name":"wp","href":"https:\/\/api.w.org\/{rel}","templated":true}]}}